{"id":896,"date":"2019-06-25T17:15:10","date_gmt":"2019-06-25T20:15:10","guid":{"rendered":"https:\/\/www.leondenis.org.br\/?page_id=896"},"modified":"2019-06-25T18:33:16","modified_gmt":"2019-06-25T21:33:16","slug":"estudos-textos","status":"publish","type":"page","link":"https:\/\/www.leondenis.org.br\/index.php\/estudos-textos\/","title":{"rendered":"Estudos &#038; Textos"},"content":{"rendered":"<p><img loading=\"lazy\" decoding=\"async\" class=\"alignnone wp-image-901\" src=\"https:\/\/www.leondenis.org.br\/wp-content\/uploads\/2019\/06\/textos.jpeg\" alt=\"\" width=\"219\" height=\"115\" srcset=\"https:\/\/www.leondenis.org.br\/wp-content\/uploads\/2019\/06\/textos.jpeg 311w, https:\/\/www.leondenis.org.br\/wp-content\/uploads\/2019\/06\/textos-300x156.jpeg 300w\" sizes=\"auto, (max-width: 219px) 100vw, 219px\" \/><\/p>\n<p>Este espa\u00e7o \u00e9 reservado para publica\u00e7\u00e3o de estudos e textos elaborados pelos trabalhadores da CELD. Envie seu material para\u00a0 <a href=\"mailto:celd.webmaster@gmail.com\">Webmaster<\/a> (celd.webmaster@gmail.com)<\/p>\n<hr \/>\n<p>Textos:<\/p>\n<ul>\n<li><a href=\"https:\/\/www.leondenis.org.br\/index.php\/educandos-e-educadores\/\">Educandos e Educadores<\/a><\/li>\n<\/ul>\n<p>&nbsp;<\/p>\n","protected":false},"excerpt":{"rendered":"<p>Este espa\u00e7o \u00e9 reservado para publica\u00e7\u00e3o de estudos e textos elaborados pelos trabalhadores da CELD. Envie seu material para\u00a0 Webmaster (celd.webmaster@gmail.com) Textos: Educandos e Educadores &nbsp;<\/p>\n","protected":false},"author":1,"featured_media":0,"parent":0,"menu_order":0,"comment_status":"closed","ping_status":"closed","template":"","meta":{"footnotes":""},"class_list":["post-896","page","type-page","status-publish","hentry"],"_links":{"self":[{"href":"https:\/\/www.leondenis.org.br\/index.php\/wp-json\/wp\/v2\/pages\/896","targetHints":{"allow":["GET"]}}],"collection":[{"href":"https:\/\/www.leondenis.org.br\/index.php\/wp-json\/wp\/v2\/pages"}],"about":[{"href":"https:\/\/www.leondenis.org.br\/index.php\/wp-json\/wp\/v2\/types\/page"}],"author":[{"embeddable":true,"href":"https:\/\/www.leondenis.org.br\/index.php\/wp-json\/wp\/v2\/users\/1"}],"replies":[{"embeddable":true,"href":"https:\/\/www.leondenis.org.br\/index.php\/wp-json\/wp\/v2\/comments?post=896"}],"version-history":[{"count":5,"href":"https:\/\/www.leondenis.org.br\/index.php\/wp-json\/wp\/v2\/pages\/896\/revisions"}],"predecessor-version":[{"id":913,"href":"https:\/\/www.leondenis.org.br\/index.php\/wp-json\/wp\/v2\/pages\/896\/revisions\/913"}],"wp:attachment":[{"href":"https:\/\/www.leondenis.org.br\/index.php\/wp-json\/wp\/v2\/media?parent=896"}],"curies":[{"name":"wp","href":"https:\/\/api.w.org\/{rel}","templated":true}]}}