{"id":75,"date":"2019-05-23T14:49:21","date_gmt":"2019-05-23T17:49:21","guid":{"rendered":"https:\/\/www.leondenis.org.br\/?page_id=75"},"modified":"2019-05-23T15:37:40","modified_gmt":"2019-05-23T18:37:40","slug":"pagina-1","status":"publish","type":"page","link":"https:\/\/www.leondenis.org.br\/index.php\/pagina-1\/","title":{"rendered":"P\u00e1gina 1"},"content":{"rendered":"\n<p>Este \u00e9 o primeiro par\u00e1grafo da p\u00e1gina.<\/p>\n\n\n\n<p>Este \u00e9 o segundo par\u00e1grafo da p\u00e1gina<\/p>\n<iframe loading=\"lazy\" src=\"https:\/\/www.google.com\/maps\/embed?pb=!1m18!1m12!1m3!1d3739.9794031761758!2d-40.326305285078085!3d-20.383739086351316!2m3!1f0!2f0!3f0!3m2!1i1024!2i768!4f13.1!3m3!1m2!1s0xb83e3747e83435%3A0x6229a13a420ae506!2sR.+H%C3%A9lia+Maria+Braga+Ferlin%2C+10+-+Vila+Guaranhuns%2C+Vila+Velha+-+ES%2C+29103-550!5e0!3m2!1spt-BR!2sbr!4v1558634798184!5m2!1spt-BR!2sbr\" width=\"600\" height=\"450\" frameborder=\"0\" style=\"border:0\" allowfullscreen><\/iframe>\n","protected":false},"excerpt":{"rendered":"<p>Este \u00e9 o primeiro par\u00e1grafo da p\u00e1gina. Este \u00e9 o segundo par\u00e1grafo da p\u00e1gina<\/p>\n","protected":false},"author":1,"featured_media":0,"parent":0,"menu_order":0,"comment_status":"closed","ping_status":"closed","template":"","meta":{"footnotes":""},"class_list":["post-75","page","type-page","status-publish","hentry"],"_links":{"self":[{"href":"https:\/\/www.leondenis.org.br\/index.php\/wp-json\/wp\/v2\/pages\/75","targetHints":{"allow":["GET"]}}],"collection":[{"href":"https:\/\/www.leondenis.org.br\/index.php\/wp-json\/wp\/v2\/pages"}],"about":[{"href":"https:\/\/www.leondenis.org.br\/index.php\/wp-json\/wp\/v2\/types\/page"}],"author":[{"embeddable":true,"href":"https:\/\/www.leondenis.org.br\/index.php\/wp-json\/wp\/v2\/users\/1"}],"replies":[{"embeddable":true,"href":"https:\/\/www.leondenis.org.br\/index.php\/wp-json\/wp\/v2\/comments?post=75"}],"version-history":[{"count":3,"href":"https:\/\/www.leondenis.org.br\/index.php\/wp-json\/wp\/v2\/pages\/75\/revisions"}],"predecessor-version":[{"id":89,"href":"https:\/\/www.leondenis.org.br\/index.php\/wp-json\/wp\/v2\/pages\/75\/revisions\/89"}],"wp:attachment":[{"href":"https:\/\/www.leondenis.org.br\/index.php\/wp-json\/wp\/v2\/media?parent=75"}],"curies":[{"name":"wp","href":"https:\/\/api.w.org\/{rel}","templated":true}]}}