{"id":585,"date":"2019-05-31T19:01:02","date_gmt":"2019-05-31T22:01:02","guid":{"rendered":"https:\/\/www.leondenis.org.br\/?page_id=585"},"modified":"2020-05-05T17:12:44","modified_gmt":"2020-05-05T20:12:44","slug":"horario-das-atividades","status":"publish","type":"page","link":"https:\/\/www.leondenis.org.br\/index.php\/horario-das-atividades\/","title":{"rendered":"Hor\u00e1rio das Atividades"},"content":{"rendered":"<p><img loading=\"lazy\" decoding=\"async\" class=\"alignnone wp-image-672\" src=\"https:\/\/www.leondenis.org.br\/wp-content\/uploads\/2019\/06\/calendario.jpeg\" alt=\"\" width=\"267\" height=\"216\" \/><\/p>\n<p><!--more--><\/p>\n<ul>\n<li>Segunda<span class=\"text_exposed_show\"> (20h): <\/span>\n<ul>\n<li><span class=\"text_exposed_show\"><strong>Estudo e Pr\u00e1tica Medi\u00fanica<\/strong> :<\/span>\n<ul>\n<li><span class=\"text_exposed_show\">(Reuni\u00e3o Privativa)<\/span><\/li>\n<\/ul>\n<\/li>\n<\/ul>\n<\/li>\n<\/ul>\n<ul>\n<li><span class=\"text_exposed_show\">Ter\u00e7a \u00a0(20h): <\/span>\n<ul>\n<li><span class=\"text_exposed_show\"><strong>Assist\u00eancia Espiritual e Desobsess\u00e3o<\/strong>\u00a0<\/span>\n<ul>\n<li><span class=\"text_exposed_show\">(Reuni\u00e3o Privativa)<\/span><\/li>\n<\/ul>\n<\/li>\n<\/ul>\n<\/li>\n<\/ul>\n<ul>\n<li><span class=\"text_exposed_show\">Quarta (20h): <\/span>\n<ul>\n<li><span class=\"text_exposed_show\"><strong>Estudo Sistematizado da Doutrina Esp\u00edrita (ESDE):<\/strong><\/span>\n<ul>\n<li><span class=\"text_exposed_show\"><a href=\"https:\/\/meet.jit.si\/Celd\">Sala de Videoconfer\u00eancia<\/a><\/span><\/li>\n<\/ul>\n<\/li>\n<\/ul>\n<\/li>\n<\/ul>\n<ul>\n<li><span class=\"text_exposed_show\">Quinta (20h): <\/span>\n<ul>\n<li><span class=\"text_exposed_show\"><strong>Assist\u00eancia F\u00edsico-Espiritual<\/strong> <\/span>\n<ul>\n<li><span class=\"text_exposed_show\">(Reuni\u00e3o Privativa)<\/span><\/li>\n<\/ul>\n<\/li>\n<\/ul>\n<\/li>\n<\/ul>\n<ul>\n<li><span class=\"text_exposed_show\">Sexta (20h):<\/span>\n<ul>\n<li><span class=\"text_exposed_show\"><strong>Palestra Doutrin\u00e1ria:<\/strong><\/span>\n<ul>\n<li><span class=\"text_exposed_show\"><a href=\"https:\/\/www.leondenis.org.br\/index.php\/palestras\/\">Tema <\/a><\/span><\/li>\n<li><span class=\"text_exposed_show\"><a href=\"https:\/\/meet.jit.si\/Celd\">Sala de Videoconfer\u00eancia<\/a> <\/span><\/li>\n<\/ul>\n<\/li>\n<li><span class=\"text_exposed_show\"><strong>Evangeliza\u00e7\u00e3o da Inf\u00e2ncia e Juventude:<\/strong><\/span>\n<ul>\n<li><a href=\"https:\/\/www.leondenis.org.br\/index.php\/evangelizacao-da-infancia-e-juventude-durante-a-pandemia-do-covid-19\/\"><span class=\"text_exposed_show\">Tema<\/span><\/a><\/li>\n<li><span class=\"text_exposed_show\">Sala de Videoconfer\u00eancia:<\/span>\n<ul>\n<li><a href=\"https:\/\/meet.jit.si\/celd-aij\"><span class=\"text_exposed_show\">da Inf\u00e2ncia<\/span><\/a><\/li>\n<li><a href=\"https:\/\/meet.jit.si\/celdaij\"><span class=\"text_exposed_show\">da Juventude<\/span><\/a><\/li>\n<\/ul>\n<\/li>\n<\/ul>\n<\/li>\n<\/ul>\n<\/li>\n<\/ul>\n<ul>\n<li>S\u00e1bado (9h):\n<ul>\n<li><strong>Estudo da Mocidade <\/strong>(atividade suspensa durante a pandemia)<\/li>\n<li><strong>Estudos doutrin\u00e1rios<\/strong> (atividade suspensa durante a pandemia)<\/li>\n<li><strong>Assist\u00eancia e Promo\u00e7\u00e3o Social\u00a0<\/strong><\/li>\n<li><strong>Bazar solid\u00e1rio<\/strong> (atividade suspensa durante a pandemia)<\/li>\n<\/ul>\n<\/li>\n<\/ul>\n<p><!--more--><\/p>\n<p>* <strong>Livraria e Biblioteca <\/strong>(atividades suspensas durante a pandemia)<\/p>\n<p>(Ap\u00f3s a pandemia, o hor\u00e1rio ser\u00e1 de 2\u00aa \u00e0 6\u00aa \u00e0s 19h00)<\/p>\n<p>&nbsp;<\/p>\n","protected":false},"excerpt":{"rendered":"","protected":false},"author":2,"featured_media":0,"parent":0,"menu_order":0,"comment_status":"closed","ping_status":"closed","template":"","meta":{"footnotes":""},"class_list":["post-585","page","type-page","status-publish","hentry"],"_links":{"self":[{"href":"https:\/\/www.leondenis.org.br\/index.php\/wp-json\/wp\/v2\/pages\/585","targetHints":{"allow":["GET"]}}],"collection":[{"href":"https:\/\/www.leondenis.org.br\/index.php\/wp-json\/wp\/v2\/pages"}],"about":[{"href":"https:\/\/www.leondenis.org.br\/index.php\/wp-json\/wp\/v2\/types\/page"}],"author":[{"embeddable":true,"href":"https:\/\/www.leondenis.org.br\/index.php\/wp-json\/wp\/v2\/users\/2"}],"replies":[{"embeddable":true,"href":"https:\/\/www.leondenis.org.br\/index.php\/wp-json\/wp\/v2\/comments?post=585"}],"version-history":[{"count":13,"href":"https:\/\/www.leondenis.org.br\/index.php\/wp-json\/wp\/v2\/pages\/585\/revisions"}],"predecessor-version":[{"id":1371,"href":"https:\/\/www.leondenis.org.br\/index.php\/wp-json\/wp\/v2\/pages\/585\/revisions\/1371"}],"wp:attachment":[{"href":"https:\/\/www.leondenis.org.br\/index.php\/wp-json\/wp\/v2\/media?parent=585"}],"curies":[{"name":"wp","href":"https:\/\/api.w.org\/{rel}","templated":true}]}}