{"id":511,"date":"2019-05-30T07:57:19","date_gmt":"2019-05-30T10:57:19","guid":{"rendered":"https:\/\/www.leondenis.org.br\/?page_id=511"},"modified":"2019-05-30T08:08:48","modified_gmt":"2019-05-30T11:08:48","slug":"ead-espiritismo","status":"publish","type":"page","link":"https:\/\/www.leondenis.org.br\/index.php\/ead-espiritismo\/","title":{"rendered":"Ensino a Dist\u00e2ncia (EaD) do Espiritismo"},"content":{"rendered":"<p><a href=\"http:\/\/ead.febnet.org.br\/course\/index.php?categoryid=18\"><img loading=\"lazy\" decoding=\"async\" class=\"alignnone size-full wp-image-513\" src=\"https:\/\/www.leondenis.org.br\/wp-content\/uploads\/2019\/05\/eadEspiritismo.png\" alt=\"\" width=\"1024\" height=\"600\" srcset=\"https:\/\/www.leondenis.org.br\/wp-content\/uploads\/2019\/05\/eadEspiritismo.png 1024w, https:\/\/www.leondenis.org.br\/wp-content\/uploads\/2019\/05\/eadEspiritismo-300x176.png 300w, https:\/\/www.leondenis.org.br\/wp-content\/uploads\/2019\/05\/eadEspiritismo-768x450.png 768w\" sizes=\"auto, (max-width: 1024px) 100vw, 1024px\" \/><\/a><\/p>\n<h3>Cursos Dispon\u00edveis:<\/h3>\n<p><a href=\"http:\/\/ead.febnet.org.br\/course\/view.php?id=31\">Estudo 1 &#8211; Do surgimento da Doutrina Esp\u00edrita<\/a><br \/>\nO Espiritismo [&#8230;] \u00e9 fruto do ensino coletivo dos Esp\u00edritos, ensino a que preside o Esp\u00edrito de Verdade. Nada suprime do Evangelho: antes o completa e elucida. Com o aux\u00edlio das novas leis que revela, conjugadas essas leis \u00e0s que a Ci\u00eancia j\u00e1 descobrira, faz se compreenda o que era inintelig\u00edvel e se admita a possibilidade daquilo que a incredulidade considerava inadmiss\u00edvel. [&#8230;] Pela sua for\u00e7a moralizadora, ele prepara o reinado do bem na Terra.<\/p>\n<p>KARDEC, Allan. A g\u00eanese. Tradu\u00e7\u00e3o de Guillon Ribeiro. 5 ed. Cap. 17, it. 40. Rio de Janeiro: FEB, 2005.<\/p>\n<p><a href=\"http:\/\/ead.febnet.org.br\/course\/view.php?id=32\">Estudo 2 &#8211; Princ\u00edpios b\u00e1sicos da Doutrina Esp\u00edrita<\/a><br \/>\nDeus \u00e9 o centro para o qual convergem e onde v\u00e3o terminar todas as pot\u00eancias do Universo. \u00c9 o foco de que emana toda a ideia de justi\u00e7a, de solidariedade, de amor, o alvo comum para o qual todos os seres se encaminham, consciente ou inconscientemente. [&#8230;] Grande Arquiteto dos mundos.<\/p>\n<p>DENIS, L\u00e9on. O porqu\u00ea da vida. Solu\u00e7\u00e3o racional do problema da exist\u00eancia. 22. ed. Rio de Janeiro: FEB. 2006<\/p>\n<p><a href=\"http:\/\/ead.febnet.org.br\/course\/view.php?id=33\">Estudo 3 &#8211; Princ\u00edpios B\u00e1sicos da Doutrina Esp\u00edrita &#8211; Reencarna\u00e7\u00e3o<\/a><br \/>\nA doutrina da reencarna\u00e7\u00e3o, isto \u00e9, a que consiste em admitir para o Esp\u00edrito muitas exist\u00eancias sucessivas; \u00e9 a \u00fanica que corresponde \u00e0 ideia que formamos da Justi\u00e7a de Deus para com os homens que se acham em condi\u00e7\u00e3o moral inferior; a \u00fanica que pode explicar o futuro e firmar as nossas esperan\u00e7as, pois que nos oferece os meios de resgatarmos os nossos erros por novas prova\u00e7\u00f5es. A raz\u00e3o no-la indica e os Esp\u00edritos a ensinam.<\/p>\n<p>KARDEC, Allan. O livro dos esp\u00edritos. Tradu\u00e7\u00e3o de Guillon Ribeiro. 86 ed. Parte 2, Cap. 4, quest\u00e3o 171. Rio de Janeiro: FEB, 2005<\/p>\n<p><a href=\"http:\/\/ead.febnet.org.br\/course\/view.php?id=34\">Estudo 4 &#8211; Princ\u00edpios B\u00e1sicos da Doutrina Esp\u00edrita &#8211; Pluralidade dos Mundos Habitados<\/a><br \/>\nA casa do Pai \u00e9 o Universo. As diferentes moradas s\u00e3o os mundos que circulam no Espa\u00e7o infinito e oferecem, aos Esp\u00edritos que neles encarnam, moradas correspondentes ao adiantamento dos mesmos Esp\u00edritos.<\/p>\n<p>KARDEC, Allan. O Evangelho segundo o Espiritismo. Tradu\u00e7\u00e3o de Guillon Ribeiro. 86 ed. Cap. 3, it. 2. Rio de Janeiro: FEB, 2005.<\/p>\n","protected":false},"excerpt":{"rendered":"<p>Cursos Dispon\u00edveis: Estudo 1 &#8211; Do surgimento da Doutrina Esp\u00edrita O Espiritismo [&#8230;] \u00e9 fruto do ensino coletivo dos Esp\u00edritos, ensino a que preside o Esp\u00edrito de Verdade. Nada suprime do Evangelho: antes o completa e elucida. Com o aux\u00edlio das novas leis que revela, conjugadas essas leis \u00e0s que a Ci\u00eancia j\u00e1 descobrira, faz <a class=\"more-link\" href=\"https:\/\/www.leondenis.org.br\/index.php\/ead-espiritismo\/\">Leia mais&#8230; &raquo;<\/a><\/p>\n","protected":false},"author":2,"featured_media":0,"parent":0,"menu_order":0,"comment_status":"closed","ping_status":"closed","template":"","meta":{"footnotes":""},"class_list":["post-511","page","type-page","status-publish","hentry"],"_links":{"self":[{"href":"https:\/\/www.leondenis.org.br\/index.php\/wp-json\/wp\/v2\/pages\/511","targetHints":{"allow":["GET"]}}],"collection":[{"href":"https:\/\/www.leondenis.org.br\/index.php\/wp-json\/wp\/v2\/pages"}],"about":[{"href":"https:\/\/www.leondenis.org.br\/index.php\/wp-json\/wp\/v2\/types\/page"}],"author":[{"embeddable":true,"href":"https:\/\/www.leondenis.org.br\/index.php\/wp-json\/wp\/v2\/users\/2"}],"replies":[{"embeddable":true,"href":"https:\/\/www.leondenis.org.br\/index.php\/wp-json\/wp\/v2\/comments?post=511"}],"version-history":[{"count":6,"href":"https:\/\/www.leondenis.org.br\/index.php\/wp-json\/wp\/v2\/pages\/511\/revisions"}],"predecessor-version":[{"id":521,"href":"https:\/\/www.leondenis.org.br\/index.php\/wp-json\/wp\/v2\/pages\/511\/revisions\/521"}],"wp:attachment":[{"href":"https:\/\/www.leondenis.org.br\/index.php\/wp-json\/wp\/v2\/media?parent=511"}],"curies":[{"name":"wp","href":"https:\/\/api.w.org\/{rel}","templated":true}]}}