{"id":463,"date":"2019-05-29T09:54:37","date_gmt":"2019-05-29T12:54:37","guid":{"rendered":"https:\/\/www.leondenis.org.br\/?page_id=463"},"modified":"2019-06-25T17:25:52","modified_gmt":"2019-06-25T20:25:52","slug":"publicacoes","status":"publish","type":"page","link":"https:\/\/www.leondenis.org.br\/index.php\/publicacoes\/","title":{"rendered":"Publica\u00e7\u00f5es"},"content":{"rendered":"<h3>Publica\u00e7\u00f5es Esp\u00edritas<\/h3>\n<ul>\n<li><a href=\"https:\/\/www.leondenis.org.br\/index.php\/biblioteca-da-celd\/\">Biblioteca da CELD<\/a><\/li>\n<li><a href=\"https:\/\/www.leondenis.org.br\/index.php\/obras-basicas\/\">Obras b\u00e1sicas &#8211; Allan Kardec<\/a><\/li>\n<li><a href=\"https:\/\/www.leondenis.org.br\/index.php\/obras-de-leon-denis\/\">Obras de L\u00e9on Denis<\/a><\/li>\n<li><a href=\"https:\/\/www.leondenis.org.br\/index.php\/sugestoes-de-leitura\/\">Sugest\u00f5es de leitura<\/a><\/li>\n<li><a href=\"https:\/\/www.leondenis.org.br\/index.php\/cd-maos-unidas\/\">CD &#8220;M\u00e3os Unidas&#8221;<\/a><\/li>\n<li><a href=\"https:\/\/www.leondenis.org.br\/index.php\/estudos-textos\/\">Estudos &amp; Textos<\/a><\/li>\n<\/ul>\n","protected":false},"excerpt":{"rendered":"<p>Publica\u00e7\u00f5es Esp\u00edritas Biblioteca da CELD Obras b\u00e1sicas &#8211; Allan Kardec Obras de L\u00e9on Denis Sugest\u00f5es de leitura CD &#8220;M\u00e3os Unidas&#8221; Estudos &amp; Textos<\/p>\n","protected":false},"author":1,"featured_media":0,"parent":0,"menu_order":0,"comment_status":"closed","ping_status":"closed","template":"","meta":{"footnotes":""},"class_list":["post-463","page","type-page","status-publish","hentry"],"_links":{"self":[{"href":"https:\/\/www.leondenis.org.br\/index.php\/wp-json\/wp\/v2\/pages\/463","targetHints":{"allow":["GET"]}}],"collection":[{"href":"https:\/\/www.leondenis.org.br\/index.php\/wp-json\/wp\/v2\/pages"}],"about":[{"href":"https:\/\/www.leondenis.org.br\/index.php\/wp-json\/wp\/v2\/types\/page"}],"author":[{"embeddable":true,"href":"https:\/\/www.leondenis.org.br\/index.php\/wp-json\/wp\/v2\/users\/1"}],"replies":[{"embeddable":true,"href":"https:\/\/www.leondenis.org.br\/index.php\/wp-json\/wp\/v2\/comments?post=463"}],"version-history":[{"count":7,"href":"https:\/\/www.leondenis.org.br\/index.php\/wp-json\/wp\/v2\/pages\/463\/revisions"}],"predecessor-version":[{"id":904,"href":"https:\/\/www.leondenis.org.br\/index.php\/wp-json\/wp\/v2\/pages\/463\/revisions\/904"}],"wp:attachment":[{"href":"https:\/\/www.leondenis.org.br\/index.php\/wp-json\/wp\/v2\/media?parent=463"}],"curies":[{"name":"wp","href":"https:\/\/api.w.org\/{rel}","templated":true}]}}