{"id":430,"date":"2019-05-29T07:43:20","date_gmt":"2019-05-29T10:43:20","guid":{"rendered":"https:\/\/www.leondenis.org.br\/?page_id=430"},"modified":"2019-06-23T21:59:42","modified_gmt":"2019-06-24T00:59:42","slug":"endereco-da-celd","status":"publish","type":"page","link":"https:\/\/www.leondenis.org.br\/index.php\/endereco-da-celd\/","title":{"rendered":"Fale conosco"},"content":{"rendered":"<p><strong><img loading=\"lazy\" decoding=\"async\" class=\"alignnone wp-image-675\" src=\"https:\/\/www.leondenis.org.br\/wp-content\/uploads\/2019\/06\/fale-conosco.jpg\" alt=\"\" width=\"800\" height=\"375\" srcset=\"https:\/\/www.leondenis.org.br\/wp-content\/uploads\/2019\/06\/fale-conosco.jpg 800w, https:\/\/www.leondenis.org.br\/wp-content\/uploads\/2019\/06\/fale-conosco-300x141.jpg 300w, https:\/\/www.leondenis.org.br\/wp-content\/uploads\/2019\/06\/fale-conosco-768x360.jpg 768w\" sizes=\"auto, (max-width: 800px) 100vw, 800px\" \/><\/strong><\/p>\n<h3>Tire suas d\u00favidas, d\u00ea sugest\u00f5es ou entre em contato conosco.<\/h3>\n<p>Voc\u00ea pode usar o <strong>formul\u00e1rio<\/strong> abaixo <strong>ou<\/strong> enviar um <strong>e-mail<\/strong> para:<\/p>\n<ul>\n<li style=\"list-style-type: none;\">\n<ul>\n<li><a href=\"mailto:lucialima.al@gmail.com\">Presidente da CELD<\/a> ( lucialima.al@gmail.com)<\/li>\n<li><a href=\"mailto:celd.webmaster@gmail.com\">Webmaster<\/a> (celd.webmaster@gmail.com)<\/li>\n<\/ul>\n<\/li>\n<\/ul>\n<hr \/>\n<h3><strong>Formul\u00e1rio:<\/strong><\/h3>\n<p><strong>\n<div class=\"wpcf7 no-js\" id=\"wpcf7-f882-o1\" lang=\"pt-BR\" dir=\"ltr\" data-wpcf7-id=\"882\">\n<div class=\"screen-reader-response\"><p role=\"status\" aria-live=\"polite\" aria-atomic=\"true\"><\/p> <ul><\/ul><\/div>\n<form action=\"\/index.php\/wp-json\/wp\/v2\/pages\/430#wpcf7-f882-o1\" method=\"post\" class=\"wpcf7-form init\" aria-label=\"Formul\u00e1rios de contato\" novalidate=\"novalidate\" data-status=\"init\">\n<fieldset class=\"hidden-fields-container\"><input type=\"hidden\" name=\"_wpcf7\" value=\"882\" \/><input type=\"hidden\" name=\"_wpcf7_version\" value=\"6.1.5\" \/><input type=\"hidden\" name=\"_wpcf7_locale\" value=\"pt_BR\" \/><input type=\"hidden\" name=\"_wpcf7_unit_tag\" value=\"wpcf7-f882-o1\" \/><input type=\"hidden\" name=\"_wpcf7_container_post\" value=\"0\" \/><input type=\"hidden\" name=\"_wpcf7_posted_data_hash\" value=\"\" \/><input type=\"hidden\" name=\"_wpcf7_recaptcha_response\" value=\"\" \/>\n<\/fieldset>\n<p><label> Seu nome (obrigat\u00f3rio)<br \/>\n<span class=\"wpcf7-form-control-wrap\" data-name=\"your-name\"><input size=\"40\" maxlength=\"400\" class=\"wpcf7-form-control wpcf7-text wpcf7-validates-as-required\" aria-required=\"true\" aria-invalid=\"false\" value=\"\" type=\"text\" name=\"your-name\" \/><\/span> <\/label>\n<\/p>\n<p><label> Seu e-mail (obrigat\u00f3rio)<br \/>\n<span class=\"wpcf7-form-control-wrap\" data-name=\"your-email\"><input size=\"40\" maxlength=\"400\" class=\"wpcf7-form-control wpcf7-email wpcf7-validates-as-required wpcf7-text wpcf7-validates-as-email\" aria-required=\"true\" aria-invalid=\"false\" value=\"\" type=\"email\" name=\"your-email\" \/><\/span> <\/label>\n<\/p>\n<p><label> Assunto<br \/>\n<span class=\"wpcf7-form-control-wrap\" data-name=\"your-subject\"><input size=\"40\" maxlength=\"400\" class=\"wpcf7-form-control wpcf7-text\" aria-invalid=\"false\" value=\"\" type=\"text\" name=\"your-subject\" \/><\/span> <\/label>\n<\/p>\n<p><label> Sua mensagem<br \/>\n<span class=\"wpcf7-form-control-wrap\" data-name=\"your-message\"><textarea cols=\"40\" rows=\"10\" maxlength=\"2000\" class=\"wpcf7-form-control wpcf7-textarea\" aria-invalid=\"false\" name=\"your-message\"><\/textarea><\/span> <\/label>\n<\/p>\n\n<p><input class=\"wpcf7-form-control wpcf7-submit has-spinner\" type=\"submit\" value=\"Enviar\" \/>\n<\/p><div class=\"wpcf7-response-output\" aria-hidden=\"true\"><\/div>\n<\/form>\n<\/div>\n<\/strong><\/p>\n<p>&nbsp;<\/p>\n<hr \/>\n<h3><strong>Comunidade Esp\u00edrita L\u00e9on Denis<\/strong><\/h3>\n<p><strong>Endere\u00e7o:\u00a0 <\/strong><\/p>\n<ul>\n<li style=\"list-style-type: none;\">\n<ul>\n<li>R. H\u00e9lia Maria Braga Ferlin (antiga, R. Moscou), 10 &#8211; Ara\u00e7\u00e1s, Vila Velha &#8211; ES, CEP 29.103-018<\/li>\n<\/ul>\n<\/li>\n<\/ul>\n<p><strong>Tel.:<\/strong><\/p>\n<ul>\n<li style=\"list-style-type: none;\">\n<ul>\n<li><strong>(27) 9-9800-1130<\/strong><img loading=\"lazy\" decoding=\"async\" class=\"wp-image-436 alignnone\" src=\"https:\/\/www.leondenis.org.br\/wp-content\/uploads\/2019\/05\/whatsapp-1.jpeg\" alt=\"\" width=\"24\" height=\"23\" \/>L\u00facia Lima (Presidente);<\/li>\n<li><strong>(27) 9-9590-3303<\/strong><img loading=\"lazy\" decoding=\"async\" class=\"\" src=\"https:\/\/www.leondenis.org.br\/wp-content\/uploads\/2019\/05\/whatsapp-1.jpeg\" width=\"22\" height=\"20\" \/>Gl\u00e1ucia Sued (Diretora da \u00c1rea de Comunica\u00e7\u00e3o Social).<\/li>\n<\/ul>\n<\/li>\n<\/ul>\n<p><strong>Mapa:<\/strong><\/p>\n<p><iframe loading=\"lazy\" style=\"border: 0;\" src=\"https:\/\/www.google.com\/maps\/embed?pb=!1m18!1m12!1m3!1d3739.9865678917513!2d-40.327024685078115!3d-20.38344368635147!2m3!1f0!2f0!3f0!3m2!1i1024!2i768!4f13.1!3m3!1m2!1s0xb83e374635ce69%3A0x6822dd18d3058f6e!2sCELD+-+Comunidade+Esp%C3%ADrita+Le%C3%B3n+Denis!5e0!3m2!1spt-BR!2sbr!4v1561336869984!5m2!1spt-BR!2sbr\" width=\"800\" height=\"450\" frameborder=\"0\" allowfullscreen=\"allowfullscreen\"><\/iframe><\/p>\n<hr \/>\n<h3>Veja tamb\u00e9m:<\/h3>\n<ul>\n<li><a href=\"https:\/\/www.leondenis.org.br\/index.php\/diretoria\/\">Diretoria Executiva<\/a><\/li>\n<li><a href=\"https:\/\/www.leondenis.org.br\/index.php\/conselho-fiscal\/\">Conselho Fiscal<\/a><\/li>\n<li><a href=\"https:\/\/www.leondenis.org.br\/index.php\/areas-estrategicas\/\">\u00c1reas Estrat\u00e9gicas da CELD<\/a><\/li>\n<li><a href=\"https:\/\/www.leondenis.org.br\/index.php\/institucional\/\">CELD 30 anos<\/a><\/li>\n<li><a href=\"https:\/\/www.leondenis.org.br\/index.php\/horario-das-atividades\/\">Hor\u00e1rio das Atividades<\/a><\/li>\n<li><a href=\"https:\/\/www.leondenis.org.br\/index.php\/estatuto-da-celd-01-05-2019\/\">Estatuto da CELD<\/a><\/li>\n<li><a href=\"https:\/\/www.leondenis.org.br\/index.php\/organograma\/\">Organograma da CELD<\/a><\/li>\n<\/ul>\n","protected":false},"excerpt":{"rendered":"<p>Tire suas d\u00favidas, d\u00ea sugest\u00f5es ou entre em contato conosco. Voc\u00ea pode usar o formul\u00e1rio abaixo ou enviar um e-mail para: Presidente da CELD ( lucialima.al@gmail.com) Webmaster (celd.webmaster@gmail.com) Formul\u00e1rio: &nbsp; Comunidade Esp\u00edrita L\u00e9on Denis Endere\u00e7o:\u00a0 R. H\u00e9lia Maria Braga Ferlin (antiga, R. Moscou), 10 &#8211; Ara\u00e7\u00e1s, Vila Velha &#8211; ES, CEP 29.103-018 Tel.: (27) 9-9800-1130L\u00facia <a class=\"more-link\" href=\"https:\/\/www.leondenis.org.br\/index.php\/endereco-da-celd\/\">Leia mais&#8230; &raquo;<\/a><\/p>\n","protected":false},"author":1,"featured_media":0,"parent":0,"menu_order":0,"comment_status":"closed","ping_status":"closed","template":"","meta":{"footnotes":""},"class_list":["post-430","page","type-page","status-publish","hentry"],"_links":{"self":[{"href":"https:\/\/www.leondenis.org.br\/index.php\/wp-json\/wp\/v2\/pages\/430","targetHints":{"allow":["GET"]}}],"collection":[{"href":"https:\/\/www.leondenis.org.br\/index.php\/wp-json\/wp\/v2\/pages"}],"about":[{"href":"https:\/\/www.leondenis.org.br\/index.php\/wp-json\/wp\/v2\/types\/page"}],"author":[{"embeddable":true,"href":"https:\/\/www.leondenis.org.br\/index.php\/wp-json\/wp\/v2\/users\/1"}],"replies":[{"embeddable":true,"href":"https:\/\/www.leondenis.org.br\/index.php\/wp-json\/wp\/v2\/comments?post=430"}],"version-history":[{"count":23,"href":"https:\/\/www.leondenis.org.br\/index.php\/wp-json\/wp\/v2\/pages\/430\/revisions"}],"predecessor-version":[{"id":893,"href":"https:\/\/www.leondenis.org.br\/index.php\/wp-json\/wp\/v2\/pages\/430\/revisions\/893"}],"wp:attachment":[{"href":"https:\/\/www.leondenis.org.br\/index.php\/wp-json\/wp\/v2\/media?parent=430"}],"curies":[{"name":"wp","href":"https:\/\/api.w.org\/{rel}","templated":true}]}}