{"id":390,"date":"2019-05-28T10:17:10","date_gmt":"2019-05-28T13:17:10","guid":{"rendered":"https:\/\/www.leondenis.org.br\/?page_id=390"},"modified":"2019-06-02T10:44:12","modified_gmt":"2019-06-02T13:44:12","slug":"area-de-artes-aa","status":"publish","type":"page","link":"https:\/\/www.leondenis.org.br\/index.php\/area-de-artes-aa\/","title":{"rendered":"\u00c1rea de Artes &#8211; AA"},"content":{"rendered":"<div id=\"attachment_391\" style=\"width: 282px\" class=\"wp-caption alignleft\"><img loading=\"lazy\" decoding=\"async\" aria-describedby=\"caption-attachment-391\" class=\"wp-image-391 size-full\" src=\"https:\/\/www.leondenis.org.br\/wp-content\/uploads\/2019\/05\/artes.jpeg\" alt=\"\" width=\"272\" height=\"185\" \/><p id=\"caption-attachment-391\" class=\"wp-caption-text\"><strong>Coordenadora<\/strong>: Wladimir Ara\u00fajo<\/p><\/div>\n<p><strong>\u00c1rea de Artes &#8211; AA<\/strong><\/p>\n<p>&nbsp;<\/p>\n<p>&nbsp;<\/p>\n<p>&nbsp;<\/p>\n<p>&nbsp;<\/p>\n<p>&nbsp;<\/p>\n<hr \/>\n<p><strong>Ol\u00e1 amigos!<\/strong><\/p>\n<p>A \u00c1rea de Artes da CELD apoiou a cria\u00e7\u00e3o do<a href=\"https:\/\/www.leondenis.org.br\/index.php\/cd-maos-unidas\/\"> CD &#8220;M\u00e3os Unidas&#8221;<\/a>, de autoria de C\u00e9lia Kill, e disponibiliza trechinhos dos \u00e1udios para &#8220;degusta\u00e7\u00e3o&#8221;.<\/p>\n<p>Caso queira ajudar a nossa casa, adquira o CD, por um precinho simb\u00f3lico, entrando em contato com L\u00facia, no Cel. (27) 9-9800-1130.<\/p>\n","protected":false},"excerpt":{"rendered":"<p>\u00c1rea de Artes &#8211; AA &nbsp; &nbsp; &nbsp; &nbsp; &nbsp; Ol\u00e1 amigos! A \u00c1rea de Artes da CELD apoiou a cria\u00e7\u00e3o do CD &#8220;M\u00e3os Unidas&#8221;, de autoria de C\u00e9lia Kill, e disponibiliza trechinhos dos \u00e1udios para &#8220;degusta\u00e7\u00e3o&#8221;. Caso queira ajudar a nossa casa, adquira o CD, por um precinho simb\u00f3lico, entrando em contato com L\u00facia, <a class=\"more-link\" href=\"https:\/\/www.leondenis.org.br\/index.php\/area-de-artes-aa\/\">Leia mais&#8230; &raquo;<\/a><\/p>\n","protected":false},"author":1,"featured_media":0,"parent":0,"menu_order":0,"comment_status":"closed","ping_status":"closed","template":"","meta":{"footnotes":""},"class_list":["post-390","page","type-page","status-publish","hentry"],"_links":{"self":[{"href":"https:\/\/www.leondenis.org.br\/index.php\/wp-json\/wp\/v2\/pages\/390","targetHints":{"allow":["GET"]}}],"collection":[{"href":"https:\/\/www.leondenis.org.br\/index.php\/wp-json\/wp\/v2\/pages"}],"about":[{"href":"https:\/\/www.leondenis.org.br\/index.php\/wp-json\/wp\/v2\/types\/page"}],"author":[{"embeddable":true,"href":"https:\/\/www.leondenis.org.br\/index.php\/wp-json\/wp\/v2\/users\/1"}],"replies":[{"embeddable":true,"href":"https:\/\/www.leondenis.org.br\/index.php\/wp-json\/wp\/v2\/comments?post=390"}],"version-history":[{"count":5,"href":"https:\/\/www.leondenis.org.br\/index.php\/wp-json\/wp\/v2\/pages\/390\/revisions"}],"predecessor-version":[{"id":590,"href":"https:\/\/www.leondenis.org.br\/index.php\/wp-json\/wp\/v2\/pages\/390\/revisions\/590"}],"wp:attachment":[{"href":"https:\/\/www.leondenis.org.br\/index.php\/wp-json\/wp\/v2\/media?parent=390"}],"curies":[{"name":"wp","href":"https:\/\/api.w.org\/{rel}","templated":true}]}}