{"id":344,"date":"2019-05-28T09:36:43","date_gmt":"2019-05-28T12:36:43","guid":{"rendered":"https:\/\/www.leondenis.org.br\/?page_id=344"},"modified":"2019-06-02T19:36:51","modified_gmt":"2019-06-02T22:36:51","slug":"areas-estrategicas","status":"publish","type":"page","link":"https:\/\/www.leondenis.org.br\/index.php\/areas-estrategicas\/","title":{"rendered":"\u00c1reas Estrat\u00e9gicas"},"content":{"rendered":"<p><strong><img loading=\"lazy\" decoding=\"async\" class=\"wp-image-394 alignnone\" src=\"https:\/\/www.leondenis.org.br\/wp-content\/uploads\/2019\/05\/areasestrategicas.jpg\" alt=\"\" width=\"423\" height=\"282\" srcset=\"https:\/\/www.leondenis.org.br\/wp-content\/uploads\/2019\/05\/areasestrategicas.jpg 810w, https:\/\/www.leondenis.org.br\/wp-content\/uploads\/2019\/05\/areasestrategicas-300x200.jpg 300w, https:\/\/www.leondenis.org.br\/wp-content\/uploads\/2019\/05\/areasestrategicas-768x512.jpg 768w\" sizes=\"auto, (max-width: 423px) 100vw, 423px\" \/><br \/>\n<\/strong><\/p>\n<hr \/>\n<p><strong><br \/>\n<a href=\"https:\/\/www.leondenis.org.br\/index.php\/area-mediunica\/\">\u00c1rea Medi\u00fanica &#8211; AM<\/a><\/strong><\/p>\n<p><a href=\"https:\/\/www.leondenis.org.br\/index.php\/area-de-atendimento-espiritual-aae\/\"><strong>\u00c1rea de Atendimento Espiritual &#8211; AAE<\/strong><\/a><\/p>\n<p><strong><a href=\"https:\/\/www.leondenis.org.br\/index.php\/area-de-comunicacao-social-espirita-acse\/\">\u00c1rea de Comunica\u00e7\u00e3o Social Esp\u00edrita &#8211; ACSE<\/a> <\/strong><\/p>\n<p><strong><a href=\"https:\/\/www.leondenis.org.br\/index.php\/area-de-infancia-e-juventude-aij\/\">\u00c1rea de Inf\u00e2ncia e Juventude &#8211; AIJ<\/a> <\/strong><\/p>\n<p><strong><a href=\"https:\/\/www.leondenis.org.br\/index.php\/area-de-promocao-social-espirita-apse\/\">\u00c1rea de Promo\u00e7\u00e3o Social Esp\u00edrita &#8211; APSE<\/a> <\/strong><\/p>\n<p><strong><a href=\"https:\/\/www.leondenis.org.br\/index.php\/area-de-estudos-espirita-aee\/\">\u00c1rea de Estudos Esp\u00edrita &#8211; AEE<\/a> <\/strong><\/p>\n<p><strong><a href=\"https:\/\/www.leondenis.org.br\/index.php\/area-juridica-espirita-aje\/\">\u00c1rea Jur\u00eddica Esp\u00edrita &#8211; AJE<\/a> <\/strong><\/p>\n<p><strong><a href=\"https:\/\/www.leondenis.org.br\/index.php\/area-da-familia-af\/\">\u00c1rea da Fam\u00edlia &#8211; AF<\/a> <\/strong><\/p>\n<p><a href=\"https:\/\/www.leondenis.org.br\/index.php\/area-de-artes-aa\/\"><strong>\u00c1rea de Artes &#8211; AA<\/strong><\/a><\/p>\n","protected":false},"excerpt":{"rendered":"<p>\u00c1rea Medi\u00fanica &#8211; AM \u00c1rea de Atendimento Espiritual &#8211; AAE \u00c1rea de Comunica\u00e7\u00e3o Social Esp\u00edrita &#8211; ACSE \u00c1rea de Inf\u00e2ncia e Juventude &#8211; AIJ \u00c1rea de Promo\u00e7\u00e3o Social Esp\u00edrita &#8211; APSE \u00c1rea de Estudos Esp\u00edrita &#8211; AEE \u00c1rea Jur\u00eddica Esp\u00edrita &#8211; AJE \u00c1rea da Fam\u00edlia &#8211; AF \u00c1rea de Artes &#8211; AA<\/p>\n","protected":false},"author":1,"featured_media":0,"parent":0,"menu_order":0,"comment_status":"closed","ping_status":"closed","template":"","meta":{"footnotes":""},"class_list":["post-344","page","type-page","status-publish","hentry"],"_links":{"self":[{"href":"https:\/\/www.leondenis.org.br\/index.php\/wp-json\/wp\/v2\/pages\/344","targetHints":{"allow":["GET"]}}],"collection":[{"href":"https:\/\/www.leondenis.org.br\/index.php\/wp-json\/wp\/v2\/pages"}],"about":[{"href":"https:\/\/www.leondenis.org.br\/index.php\/wp-json\/wp\/v2\/types\/page"}],"author":[{"embeddable":true,"href":"https:\/\/www.leondenis.org.br\/index.php\/wp-json\/wp\/v2\/users\/1"}],"replies":[{"embeddable":true,"href":"https:\/\/www.leondenis.org.br\/index.php\/wp-json\/wp\/v2\/comments?post=344"}],"version-history":[{"count":13,"href":"https:\/\/www.leondenis.org.br\/index.php\/wp-json\/wp\/v2\/pages\/344\/revisions"}],"predecessor-version":[{"id":681,"href":"https:\/\/www.leondenis.org.br\/index.php\/wp-json\/wp\/v2\/pages\/344\/revisions\/681"}],"wp:attachment":[{"href":"https:\/\/www.leondenis.org.br\/index.php\/wp-json\/wp\/v2\/media?parent=344"}],"curies":[{"name":"wp","href":"https:\/\/api.w.org\/{rel}","templated":true}]}}