{"id":329,"date":"2019-05-28T08:48:42","date_gmt":"2019-05-28T11:48:42","guid":{"rendered":"https:\/\/www.leondenis.org.br\/?page_id=329"},"modified":"2019-06-23T19:15:38","modified_gmt":"2019-06-23T22:15:38","slug":"feees","status":"publish","type":"page","link":"https:\/\/www.leondenis.org.br\/index.php\/feees\/","title":{"rendered":"FEEES"},"content":{"rendered":"<p><a href=\"http:\/\/www.feees.org.br\" target=\"_blank\" rel=\"noopener noreferrer\"><img loading=\"lazy\" decoding=\"async\" class=\"size-full wp-image-330 alignleft\" src=\"https:\/\/www.leondenis.org.br\/wp-content\/uploads\/2019\/05\/feees.jpg\" alt=\"\" width=\"281\" height=\"148\" \/><\/a>A Comunidade Esp\u00edrita L\u00e9on Denis \u00e9 entidade adesa \u00e0 Federa\u00e7\u00e3o Esp\u00edrita do Estado do Esp\u00edrito Santo.<\/p>\n<ul>\n<li><a href=\"http:\/\/www.feees.org.br\/\">FEEES &#8211; Federa\u00e7\u00e3o Esp\u00edrita no Estado do Esp\u00edrito Santo<\/a>\n<ul>\n<li style=\"list-style-type: none;\">\n<ul>\n<li style=\"list-style-type: none;\">\n<ul>\n<li><a href=\"https:\/\/soundcloud.com\/sendaespirita\">R\u00e1dio Senda Esp\u00edrita<\/a><\/li>\n<\/ul>\n<\/li>\n<li><a href=\"http:\/\/www.feees.org.br\/informativos\/senda\" target=\"_blank\" rel=\"noopener noreferrer\">Revista A Senda<\/a><\/li>\n<\/ul>\n<\/li>\n<\/ul>\n<\/li>\n<\/ul>\n","protected":false},"excerpt":{"rendered":"<p>A Comunidade Esp\u00edrita L\u00e9on Denis \u00e9 entidade adesa \u00e0 Federa\u00e7\u00e3o Esp\u00edrita do Estado do Esp\u00edrito Santo. FEEES &#8211; Federa\u00e7\u00e3o Esp\u00edrita no Estado do Esp\u00edrito Santo R\u00e1dio Senda Esp\u00edrita Revista A Senda<\/p>\n","protected":false},"author":1,"featured_media":0,"parent":0,"menu_order":0,"comment_status":"closed","ping_status":"closed","template":"","meta":{"footnotes":""},"class_list":["post-329","page","type-page","status-publish","hentry"],"_links":{"self":[{"href":"https:\/\/www.leondenis.org.br\/index.php\/wp-json\/wp\/v2\/pages\/329","targetHints":{"allow":["GET"]}}],"collection":[{"href":"https:\/\/www.leondenis.org.br\/index.php\/wp-json\/wp\/v2\/pages"}],"about":[{"href":"https:\/\/www.leondenis.org.br\/index.php\/wp-json\/wp\/v2\/types\/page"}],"author":[{"embeddable":true,"href":"https:\/\/www.leondenis.org.br\/index.php\/wp-json\/wp\/v2\/users\/1"}],"replies":[{"embeddable":true,"href":"https:\/\/www.leondenis.org.br\/index.php\/wp-json\/wp\/v2\/comments?post=329"}],"version-history":[{"count":2,"href":"https:\/\/www.leondenis.org.br\/index.php\/wp-json\/wp\/v2\/pages\/329\/revisions"}],"predecessor-version":[{"id":853,"href":"https:\/\/www.leondenis.org.br\/index.php\/wp-json\/wp\/v2\/pages\/329\/revisions\/853"}],"wp:attachment":[{"href":"https:\/\/www.leondenis.org.br\/index.php\/wp-json\/wp\/v2\/media?parent=329"}],"curies":[{"name":"wp","href":"https:\/\/api.w.org\/{rel}","templated":true}]}}