{"id":304,"date":"2019-05-28T08:26:28","date_gmt":"2019-05-28T11:26:28","guid":{"rendered":"https:\/\/www.leondenis.org.br\/?page_id=304"},"modified":"2019-06-02T12:22:25","modified_gmt":"2019-06-02T15:22:25","slug":"o-ceu-e-o-inferno","status":"publish","type":"page","link":"https:\/\/www.leondenis.org.br\/index.php\/o-ceu-e-o-inferno\/","title":{"rendered":"O C\u00e9u e o Inferno"},"content":{"rendered":"<p><a href=\"http:\/\/www.feees.org.br\/adm\/arquivos\/ceueinfernoManuelQuintao_33.pdf\" target=\"_blank\" rel=\"noopener noreferrer\"><img loading=\"lazy\" decoding=\"async\" class=\"size-full wp-image-305 alignleft\" src=\"https:\/\/www.leondenis.org.br\/wp-content\/uploads\/2019\/05\/oceueoinferno.jpg\" alt=\"\" width=\"179\" height=\"240\" \/><\/a><b>O C\u00e9u e o Inferno<\/b>, ou\u00a0<b>A Justi\u00e7a Divina Segundo o Espiritismo<\/b>\u00a0(em\u00a0<a title=\"L\u00edngua francesa\" href=\"https:\/\/pt.wikipedia.org\/wiki\/L%C3%ADngua_francesa\">l\u00edngua francesa <\/a><i>Le Ciel et l&#8217;Enfer<\/i>), \u00e9 um livro\u00a0<a class=\"mw-redirect\" title=\"Doutrina esp\u00edrita\" href=\"https:\/\/pt.wikipedia.org\/wiki\/Doutrina_esp%C3%ADrita\">esp\u00edrita<\/a>\u00a0<a title=\"Fran\u00e7a\" href=\"https:\/\/pt.wikipedia.org\/wiki\/Fran%C3%A7a\">franc\u00eas<\/a>. Da codifica\u00e7\u00e3o de\u00a0<a title=\"Allan Kardec\" href=\"https:\/\/pt.wikipedia.org\/wiki\/Allan_Kardec\">Allan Kardec<\/a>, foi publicado em\u00a0<a title=\"Paris\" href=\"https:\/\/pt.wikipedia.org\/wiki\/Paris\">Paris<\/a>\u00a0em 1\u00ba de agosto de\u00a0<a title=\"1865\" href=\"https:\/\/pt.wikipedia.org\/wiki\/1865\">1865<\/a>. \u00c9 uma das\u00a0<a class=\"mw-redirect\" title=\"\" href=\"https:\/\/pt.wikipedia.org\/wiki\/Anexo:Obras_b%C3%A1sicas_do_espiritismo\">obras b\u00e1sicas do espiritismo<\/a>.<\/p>\n<p><strong><span id=\"Sum\u00e1rio\" class=\"mw-headline\">Sum\u00e1rio<\/span><\/strong><\/p>\n<p>A obra comp\u00f5e-se de duas partes:<\/p>\n<p>Na primeira, Kardec realiza um exame cr\u00edtico, procurando apontar contradi\u00e7\u00f5es\u00a0<a title=\"Filosofia\" href=\"https:\/\/pt.wikipedia.org\/wiki\/Filosofia\">filos\u00f3ficas<\/a>\u00a0e incoer\u00eancias com o\u00a0<a title=\"Ci\u00eancia\" href=\"https:\/\/pt.wikipedia.org\/wiki\/Ci%C3%AAncia\">conhecimento cient\u00edfico<\/a>, super\u00e1veis, segundo ele, mediante o\u00a0<a title=\"Paradigma\" href=\"https:\/\/pt.wikipedia.org\/wiki\/Paradigma\">paradigma<\/a>\u00a0esp\u00edrita da f\u00e9 raciocinada. S\u00e3o expostos v\u00e1rios assuntos &#8211; causas do temor da\u00a0<a title=\"Morte\" href=\"https:\/\/pt.wikipedia.org\/wiki\/Morte\">morte<\/a>, porque os esp\u00edritas n\u00e3o temem a morte, o c\u00e9u, o\u00a0<a title=\"Inferno\" href=\"https:\/\/pt.wikipedia.org\/wiki\/Inferno\">inferno<\/a>, o inferno crist\u00e3o imitado do pag\u00e3o, os\u00a0<a title=\"Limbo\" href=\"https:\/\/pt.wikipedia.org\/wiki\/Limbo\">limbos<\/a>, quadro do inferno pag\u00e3o, esbo\u00e7o do inferno crist\u00e3o,\u00a0<a title=\"Purgat\u00f3rio\" href=\"https:\/\/pt.wikipedia.org\/wiki\/Purgat%C3%B3rio\">purgat\u00f3rio<\/a>, doutrina das penas eternas, c\u00f3digo penal da vida futura, os\u00a0<a title=\"Anjo\" href=\"https:\/\/pt.wikipedia.org\/wiki\/Anjo\">anjos<\/a>\u00a0segunda a Igreja e o Espiritismo. Aborda tamb\u00e9m v\u00e1rios pontos relacionados com a origem da cren\u00e7a dos dem\u00f4nios, segundo a Igreja e o Espiritismo, interven\u00e7\u00e3o dos dem\u00f4nios nas modernas manifesta\u00e7\u00f5es, e a proibi\u00e7\u00e3o de invocar os mortos.<\/p>\n<p>Na segunda, constam dezenas de di\u00e1logos que foram sido estabelecidos entre Kardec e diversos\u00a0<a title=\"Esp\u00edrito\" href=\"https:\/\/pt.wikipedia.org\/wiki\/Esp%C3%ADrito\">esp\u00edritos<\/a>, nos quais estes narram as impress\u00f5es que trazem do\u00a0<a title=\"Plano espiritual\" href=\"https:\/\/pt.wikipedia.org\/wiki\/Plano_espiritual\">al\u00e9m-t\u00famulo<\/a> e, de como se deu o processo de desencarne,\u00a0 para pessoas de diferentes tipos de car\u00e1ter. A segunda parte deste livro \u00e9 dedicada ao pensamento; Kardec reuniu v\u00e1rias disserta\u00e7\u00f5es de casos reais, a fim de demonstrar a situa\u00e7\u00e3o da alma, durante e ap\u00f3s a morte f\u00edsica, proporcionando ao leitor amplas condi\u00e7\u00f5es para que possa compreender a a\u00e7\u00e3o da <a class=\"mw-redirect\" title=\"Lei de causa e efeito (doutrina esp\u00edrita)\" href=\"https:\/\/pt.wikipedia.org\/wiki\/Lei_de_causa_e_efeito_(doutrina_esp%C3%ADrita)\">Lei de Causa e Efeito<\/a>, em perfeito equil\u00edbrio com as Leis Divinas; assim, constam desta parte, narra\u00e7\u00f5es de esp\u00edritos felizes, infelizes, esp\u00edritos em condi\u00e7\u00f5es medianas, sofredores, suicidas, criminosos e esp\u00edritos endurecidos.<\/p>\n<p>O C\u00e9u e o Inferno coloca ao alcance de todos, os conhecimentos do mecanismo pelo qual se processa a Justi\u00e7a Divina, em concord\u00e2ncia com o princ\u00edpio evang\u00e9lico: &#8220;A cada um segundo suas obras&#8221;.<\/p>\n<p style=\"text-align: right;\">Fonte: Wikipedia<\/p>\n","protected":false},"excerpt":{"rendered":"<p>O C\u00e9u e o Inferno, ou\u00a0A Justi\u00e7a Divina Segundo o Espiritismo\u00a0(em\u00a0l\u00edngua francesa Le Ciel et l&#8217;Enfer), \u00e9 um livro\u00a0esp\u00edrita\u00a0franc\u00eas. Da codifica\u00e7\u00e3o de\u00a0Allan Kardec, foi publicado em\u00a0Paris\u00a0em 1\u00ba de agosto de\u00a01865. \u00c9 uma das\u00a0obras b\u00e1sicas do espiritismo. Sum\u00e1rio A obra comp\u00f5e-se de duas partes: Na primeira, Kardec realiza um exame cr\u00edtico, procurando apontar contradi\u00e7\u00f5es\u00a0filos\u00f3ficas\u00a0e incoer\u00eancias com <a class=\"more-link\" href=\"https:\/\/www.leondenis.org.br\/index.php\/o-ceu-e-o-inferno\/\">Leia mais&#8230; &raquo;<\/a><\/p>\n","protected":false},"author":1,"featured_media":0,"parent":0,"menu_order":0,"comment_status":"closed","ping_status":"closed","template":"","meta":{"footnotes":""},"class_list":["post-304","page","type-page","status-publish","hentry"],"_links":{"self":[{"href":"https:\/\/www.leondenis.org.br\/index.php\/wp-json\/wp\/v2\/pages\/304","targetHints":{"allow":["GET"]}}],"collection":[{"href":"https:\/\/www.leondenis.org.br\/index.php\/wp-json\/wp\/v2\/pages"}],"about":[{"href":"https:\/\/www.leondenis.org.br\/index.php\/wp-json\/wp\/v2\/types\/page"}],"author":[{"embeddable":true,"href":"https:\/\/www.leondenis.org.br\/index.php\/wp-json\/wp\/v2\/users\/1"}],"replies":[{"embeddable":true,"href":"https:\/\/www.leondenis.org.br\/index.php\/wp-json\/wp\/v2\/comments?post=304"}],"version-history":[{"count":4,"href":"https:\/\/www.leondenis.org.br\/index.php\/wp-json\/wp\/v2\/pages\/304\/revisions"}],"predecessor-version":[{"id":618,"href":"https:\/\/www.leondenis.org.br\/index.php\/wp-json\/wp\/v2\/pages\/304\/revisions\/618"}],"wp:attachment":[{"href":"https:\/\/www.leondenis.org.br\/index.php\/wp-json\/wp\/v2\/media?parent=304"}],"curies":[{"name":"wp","href":"https:\/\/api.w.org\/{rel}","templated":true}]}}