{"id":299,"date":"2019-05-28T08:22:59","date_gmt":"2019-05-28T11:22:59","guid":{"rendered":"https:\/\/www.leondenis.org.br\/?page_id=299"},"modified":"2019-06-02T12:18:15","modified_gmt":"2019-06-02T15:18:15","slug":"299-2","status":"publish","type":"page","link":"https:\/\/www.leondenis.org.br\/index.php\/299-2\/","title":{"rendered":"O Livro dos M\u00e9diuns"},"content":{"rendered":"<p><b><a href=\"http:\/\/www.feees.org.br\/adm\/arquivos\/LivrodosMediuns_Guillon_35.pdf\" target=\"_blank\" rel=\"noopener noreferrer\"><img loading=\"lazy\" decoding=\"async\" class=\"size-full wp-image-300 alignleft\" src=\"https:\/\/www.leondenis.org.br\/wp-content\/uploads\/2019\/05\/olivrodosmediuns.jpg\" alt=\"\" width=\"220\" height=\"300\" \/><\/a>O Livro dos M\u00e9diuns<\/b>, ou\u00a0<b>Guia dos M\u00e9diuns e dos Evocadores<\/b>\u00a0(em\u00a0<a title=\"L\u00edngua francesa\" href=\"https:\/\/pt.wikipedia.org\/wiki\/L%C3%ADngua_francesa\">l\u00edngua francesa <\/a><i>Le Livre des M\u00e9diums<\/i>), \u00e9 um livro\u00a0<a class=\"mw-redirect\" title=\"Doutrina esp\u00edrita\" href=\"https:\/\/pt.wikipedia.org\/wiki\/Doutrina_esp%C3%ADrita\">esp\u00edri<\/a><a class=\"mw-redirect\" title=\"Doutrina esp\u00edrita\" href=\"https:\/\/pt.wikipedia.org\/wiki\/Doutrina_esp%C3%ADrita\">ta<\/a>\u00a0<a title=\"Fran\u00e7a\" href=\"https:\/\/pt.wikipedia.org\/wiki\/Fran%C3%A7a\">franc\u00eas<\/a>. De autoria de\u00a0<a title=\"Allan Kardec\" href=\"https:\/\/pt.wikipedia.org\/wiki\/Allan_Kardec\">Allan Kardec<\/a>, foi publicado em\u00a0<a title=\"Paris\" href=\"https:\/\/pt.wikipedia.org\/wiki\/Paris\">Paris<\/a>\u00a0em janeiro de\u00a0<a title=\"1861\" href=\"https:\/\/pt.wikipedia.org\/wiki\/1861\">1861<\/a>. \u00c9 uma das\u00a0<a class=\"mw-redirect\" title=\"Anexo:Obras b\u00e1sicas do espiritismo\" href=\"https:\/\/pt.wikipedia.org\/wiki\/Anexo:Obras_b%C3%A1sicas_do_espiritismo\">obras b\u00e1sicas do espiritismo<\/a>.<\/p>\n<p>Versa sobre o car\u00e1ter experimental e investigativo da doutrina esp\u00edrita, visto como ferramenta te\u00f3rico-metodol\u00f3gica para se compreender uma &#8220;nova ordem de fen\u00f4menos&#8221;, at\u00e9 ent\u00e3o jamais considerada pelo <a title=\"Epistemologia\" href=\"https:\/\/pt.wikipedia.org\/wiki\/Epistemologia\">conhecimento cient\u00edfico<\/a>: os fen\u00f4menos ditos esp\u00edritas ou medi\u00fanicos, que teriam como causa a interven\u00e7\u00e3o de\u00a0<a title=\"Esp\u00edrito\" href=\"https:\/\/pt.wikipedia.org\/wiki\/Esp%C3%ADrito\">esp\u00edritos<\/a>\u00a0na realidade f\u00edsica.<\/p>\n<p style=\"text-align: right;\">Fonte: Wikipedia<\/p>\n","protected":false},"excerpt":{"rendered":"<p>O Livro dos M\u00e9diuns, ou\u00a0Guia dos M\u00e9diuns e dos Evocadores\u00a0(em\u00a0l\u00edngua francesa Le Livre des M\u00e9diums), \u00e9 um livro\u00a0esp\u00edrita\u00a0franc\u00eas. De autoria de\u00a0Allan Kardec, foi publicado em\u00a0Paris\u00a0em janeiro de\u00a01861. \u00c9 uma das\u00a0obras b\u00e1sicas do espiritismo. Versa sobre o car\u00e1ter experimental e investigativo da doutrina esp\u00edrita, visto como ferramenta te\u00f3rico-metodol\u00f3gica para se compreender uma &#8220;nova ordem de fen\u00f4menos&#8221;, <a class=\"more-link\" href=\"https:\/\/www.leondenis.org.br\/index.php\/299-2\/\">Leia mais&#8230; &raquo;<\/a><\/p>\n","protected":false},"author":1,"featured_media":0,"parent":0,"menu_order":0,"comment_status":"closed","ping_status":"closed","template":"","meta":{"footnotes":""},"class_list":["post-299","page","type-page","status-publish","hentry"],"_links":{"self":[{"href":"https:\/\/www.leondenis.org.br\/index.php\/wp-json\/wp\/v2\/pages\/299","targetHints":{"allow":["GET"]}}],"collection":[{"href":"https:\/\/www.leondenis.org.br\/index.php\/wp-json\/wp\/v2\/pages"}],"about":[{"href":"https:\/\/www.leondenis.org.br\/index.php\/wp-json\/wp\/v2\/types\/page"}],"author":[{"embeddable":true,"href":"https:\/\/www.leondenis.org.br\/index.php\/wp-json\/wp\/v2\/users\/1"}],"replies":[{"embeddable":true,"href":"https:\/\/www.leondenis.org.br\/index.php\/wp-json\/wp\/v2\/comments?post=299"}],"version-history":[{"count":4,"href":"https:\/\/www.leondenis.org.br\/index.php\/wp-json\/wp\/v2\/pages\/299\/revisions"}],"predecessor-version":[{"id":614,"href":"https:\/\/www.leondenis.org.br\/index.php\/wp-json\/wp\/v2\/pages\/299\/revisions\/614"}],"wp:attachment":[{"href":"https:\/\/www.leondenis.org.br\/index.php\/wp-json\/wp\/v2\/media?parent=299"}],"curies":[{"name":"wp","href":"https:\/\/api.w.org\/{rel}","templated":true}]}}