{"id":193,"date":"2019-05-26T19:56:13","date_gmt":"2019-05-26T22:56:13","guid":{"rendered":"https:\/\/www.leondenis.org.br\/?page_id=193"},"modified":"2019-06-02T12:19:39","modified_gmt":"2019-06-02T15:19:39","slug":"o-evangelho-segundo-o-espiritismo","status":"publish","type":"page","link":"https:\/\/www.leondenis.org.br\/index.php\/o-evangelho-segundo-o-espiritismo\/","title":{"rendered":"O Evangelho Segundo o Espiritismo"},"content":{"rendered":"\r\n<div class=\"wp-block-image\">\r\n<figure class=\"alignleft is-resized\"><a href=\"http:\/\/www.feees.org.br\/adm\/arquivos\/Oevangelhosegundooespiritismo_32.pdf\" target=\"_blank\" rel=\"noopener noreferrer\"><img loading=\"lazy\" decoding=\"async\" class=\"\" src=\"http:\/\/www.feees.org.br\/adm\/imagens\/32.jpg\" alt=\"O atributo alt desta imagem est\u00c3\u00a1 vazio. O nome do arquivo \u00c3\u00a9 32.jpg\" width=\"256\" height=\"358\" \/><\/a><\/figure>\r\n<\/div>\r\n\r\n\r\n\r\n<p><strong>O Evangelho segundo o Espiritismo<\/strong>\u00a0(em\u00a0<a href=\"https:\/\/pt.wikipedia.org\/wiki\/L%C3%ADngua_francesa\">l\u00edngua francesa<\/a>\u00a0<em>L&#8217;\u00c9vangile Selon le Spiritisme<\/em>) \u00e9 um livro\u00a0<a href=\"https:\/\/pt.wikipedia.org\/wiki\/Doutrina_esp%C3%ADrita\">esp\u00edrita<\/a>\u00a0<a href=\"https:\/\/pt.wikipedia.org\/wiki\/Fran%C3%A7a\">franc\u00eas<\/a>. De autoria de\u00a0<a href=\"https:\/\/pt.wikipedia.org\/wiki\/Allan_Kardec\">Allan Kardec<\/a>, foi publicado em\u00a0<a href=\"https:\/\/pt.wikipedia.org\/wiki\/Paris\">Paris<\/a> em 15 de abril de\u00a0<a href=\"https:\/\/pt.wikipedia.org\/wiki\/1864\">1864<\/a>. \u00c9 uma das\u00a0<a href=\"https:\/\/pt.wikipedia.org\/wiki\/Anexo:Obras_b%C3%A1sicas_do_espiritismo\">obras b\u00e1sicas do espiritismo<\/a>, e dentre elas a que d\u00e1 maior enfoque a quest\u00f5es religiosas, \u00e9ticas e comportamentais do ser humano.<\/p>\r\n\r\n\r\n\r\n<p>Nela s\u00e3o abordados os\u00a0<a href=\"https:\/\/pt.wikipedia.org\/wiki\/Evangelhos_can%C3%B4nicos\">Evangelhos can\u00f4nicos<\/a>\u00a0sob a \u00f3ptica da\u00a0<a href=\"https:\/\/pt.wikipedia.org\/wiki\/Doutrina_Esp%C3%ADrita\">Doutrina Esp\u00edrita<\/a>, tratando com aten\u00e7\u00e3o especial a aplica\u00e7\u00e3o dos princ\u00edpios da moral crist\u00e3 e de quest\u00f5es de ordem religiosa como a da\u00a0<a href=\"https:\/\/pt.wikipedia.org\/wiki\/Prece\">prece<\/a>\u00a0e da\u00a0<a href=\"https:\/\/pt.wikipedia.org\/wiki\/Caridade\">caridade<\/a>.<\/p>\r\n<p style=\"text-align: right;\">Fonte: Wikipedia<\/p>\r\n","protected":false},"excerpt":{"rendered":"<p>O Evangelho segundo o Espiritismo\u00a0(em\u00a0l\u00edngua francesa\u00a0L&#8217;\u00c9vangile Selon le Spiritisme) \u00e9 um livro\u00a0esp\u00edrita\u00a0franc\u00eas. De autoria de\u00a0Allan Kardec, foi publicado em\u00a0Paris em 15 de abril de\u00a01864. \u00c9 uma das\u00a0obras b\u00e1sicas do espiritismo, e dentre elas a que d\u00e1 maior enfoque a quest\u00f5es religiosas, \u00e9ticas e comportamentais do ser humano. Nela s\u00e3o abordados os\u00a0Evangelhos can\u00f4nicos\u00a0sob a \u00f3ptica da\u00a0Doutrina <a class=\"more-link\" href=\"https:\/\/www.leondenis.org.br\/index.php\/o-evangelho-segundo-o-espiritismo\/\">Leia mais&#8230; &raquo;<\/a><\/p>\n","protected":false},"author":1,"featured_media":0,"parent":0,"menu_order":0,"comment_status":"closed","ping_status":"closed","template":"","meta":{"footnotes":""},"class_list":["post-193","page","type-page","status-publish","hentry"],"_links":{"self":[{"href":"https:\/\/www.leondenis.org.br\/index.php\/wp-json\/wp\/v2\/pages\/193","targetHints":{"allow":["GET"]}}],"collection":[{"href":"https:\/\/www.leondenis.org.br\/index.php\/wp-json\/wp\/v2\/pages"}],"about":[{"href":"https:\/\/www.leondenis.org.br\/index.php\/wp-json\/wp\/v2\/types\/page"}],"author":[{"embeddable":true,"href":"https:\/\/www.leondenis.org.br\/index.php\/wp-json\/wp\/v2\/users\/1"}],"replies":[{"embeddable":true,"href":"https:\/\/www.leondenis.org.br\/index.php\/wp-json\/wp\/v2\/comments?post=193"}],"version-history":[{"count":7,"href":"https:\/\/www.leondenis.org.br\/index.php\/wp-json\/wp\/v2\/pages\/193\/revisions"}],"predecessor-version":[{"id":616,"href":"https:\/\/www.leondenis.org.br\/index.php\/wp-json\/wp\/v2\/pages\/193\/revisions\/616"}],"wp:attachment":[{"href":"https:\/\/www.leondenis.org.br\/index.php\/wp-json\/wp\/v2\/media?parent=193"}],"curies":[{"name":"wp","href":"https:\/\/api.w.org\/{rel}","templated":true}]}}