{"id":1467,"date":"2020-05-24T21:55:57","date_gmt":"2020-05-25T00:55:57","guid":{"rendered":"https:\/\/www.leondenis.org.br\/?page_id=1467"},"modified":"2020-06-07T09:23:41","modified_gmt":"2020-06-07T12:23:41","slug":"transmissao-ao-vivo-de-palestra-publica-da-celd","status":"publish","type":"page","link":"https:\/\/www.leondenis.org.br\/index.php\/transmissao-ao-vivo-de-palestra-publica-da-celd\/","title":{"rendered":"Transmiss\u00e3o ao vivo de Palestras P\u00fablicas e Estudos da CELD"},"content":{"rendered":"<ul>\n<li><strong>As Palestras P\u00fablicas da CELD ocorrem sempre \u00e0s sextas-feiras, no per\u00edodo de 20h \u00e0s 21h.<\/strong><\/li>\n<li><strong>Os estudos da CELD ocorrem sempre \u00e0s quartas-feiras, no per\u00edodo de 20h \u00e0s 21h.<\/strong><\/li>\n<\/ul>\n<hr \/>\n<div class=\"wp-youtube-live dead\"><span class=\"wp-youtube-live-error\" style=\"display: none;\"><\/span>\n        <\/div>\n<p>&nbsp;<\/p>\n","protected":false},"excerpt":{"rendered":"<p>As Palestras P\u00fablicas da CELD ocorrem sempre \u00e0s sextas-feiras, no per\u00edodo de 20h \u00e0s 21h. Os estudos da CELD ocorrem sempre \u00e0s quartas-feiras, no per\u00edodo de 20h \u00e0s 21h. &nbsp;<\/p>\n","protected":false},"author":1,"featured_media":1398,"parent":0,"menu_order":0,"comment_status":"closed","ping_status":"closed","template":"","meta":{"footnotes":""},"class_list":["post-1467","page","type-page","status-publish","has-post-thumbnail","hentry"],"_links":{"self":[{"href":"https:\/\/www.leondenis.org.br\/index.php\/wp-json\/wp\/v2\/pages\/1467","targetHints":{"allow":["GET"]}}],"collection":[{"href":"https:\/\/www.leondenis.org.br\/index.php\/wp-json\/wp\/v2\/pages"}],"about":[{"href":"https:\/\/www.leondenis.org.br\/index.php\/wp-json\/wp\/v2\/types\/page"}],"author":[{"embeddable":true,"href":"https:\/\/www.leondenis.org.br\/index.php\/wp-json\/wp\/v2\/users\/1"}],"replies":[{"embeddable":true,"href":"https:\/\/www.leondenis.org.br\/index.php\/wp-json\/wp\/v2\/comments?post=1467"}],"version-history":[{"count":10,"href":"https:\/\/www.leondenis.org.br\/index.php\/wp-json\/wp\/v2\/pages\/1467\/revisions"}],"predecessor-version":[{"id":1492,"href":"https:\/\/www.leondenis.org.br\/index.php\/wp-json\/wp\/v2\/pages\/1467\/revisions\/1492"}],"wp:featuredmedia":[{"embeddable":true,"href":"https:\/\/www.leondenis.org.br\/index.php\/wp-json\/wp\/v2\/media\/1398"}],"wp:attachment":[{"href":"https:\/\/www.leondenis.org.br\/index.php\/wp-json\/wp\/v2\/media?parent=1467"}],"curies":[{"name":"wp","href":"https:\/\/api.w.org\/{rel}","templated":true}]}}