{"id":1389,"date":"2020-05-06T16:57:48","date_gmt":"2020-05-06T19:57:48","guid":{"rendered":"https:\/\/www.leondenis.org.br\/?page_id=1389"},"modified":"2020-05-06T18:56:30","modified_gmt":"2020-05-06T21:56:30","slug":"reunioes-na-celd-por-videoconferencia","status":"publish","type":"page","link":"https:\/\/www.leondenis.org.br\/index.php\/reunioes-na-celd-por-videoconferencia\/","title":{"rendered":"Reuni\u00f5es na CELD por Videoconfer\u00eancia"},"content":{"rendered":"<p><strong>Voc\u00ea pode participar da reuni\u00f5es da CELD (por videoconfer\u00eancia):<\/strong><\/p>\n<p><strong>1 &#8211; Utilizando o computador:<\/strong><\/p>\n<p>1.1- Abra o navegador de Internet (Chrome ou Firefox);<\/p>\n<p>1.2- Digite o endere\u00e7o da &#8220;sala&#8221;\u00a0 (veja o endere\u00e7o com a dire\u00e7\u00e3o da casa);<\/p>\n<p><strong>2 &#8211; Utilizando o celular ou tablet:<\/strong><\/p>\n<p>2.1- Abra o navegador de Internet;<\/p>\n<p>2.2- Digite o endere\u00e7o da &#8220;sala&#8221;\u00a0 (veja o endere\u00e7o com a dire\u00e7\u00e3o da casa);<\/p>\n<p>2.3- Instale o aplicativo Jitsi<\/p>\n<p>2.4 &#8211; Digite novamente o endere\u00e7o da &#8220;sala&#8221;\u00a0 (veja o endere\u00e7o com a dire\u00e7\u00e3o da casa);<\/p>\n","protected":false},"excerpt":{"rendered":"<p>Voc\u00ea pode participar da reuni\u00f5es da CELD (por videoconfer\u00eancia): 1 &#8211; Utilizando o computador: 1.1- Abra o navegador de Internet (Chrome ou Firefox); 1.2- Digite o endere\u00e7o da &#8220;sala&#8221;\u00a0 (veja o endere\u00e7o com a dire\u00e7\u00e3o da casa); 2 &#8211; Utilizando o celular ou tablet: 2.1- Abra o navegador de Internet; 2.2- Digite o endere\u00e7o da <a class=\"more-link\" href=\"https:\/\/www.leondenis.org.br\/index.php\/reunioes-na-celd-por-videoconferencia\/\">Leia mais&#8230; &raquo;<\/a><\/p>\n","protected":false},"author":1,"featured_media":0,"parent":0,"menu_order":0,"comment_status":"closed","ping_status":"closed","template":"","meta":{"footnotes":""},"class_list":["post-1389","page","type-page","status-publish","hentry"],"_links":{"self":[{"href":"https:\/\/www.leondenis.org.br\/index.php\/wp-json\/wp\/v2\/pages\/1389","targetHints":{"allow":["GET"]}}],"collection":[{"href":"https:\/\/www.leondenis.org.br\/index.php\/wp-json\/wp\/v2\/pages"}],"about":[{"href":"https:\/\/www.leondenis.org.br\/index.php\/wp-json\/wp\/v2\/types\/page"}],"author":[{"embeddable":true,"href":"https:\/\/www.leondenis.org.br\/index.php\/wp-json\/wp\/v2\/users\/1"}],"replies":[{"embeddable":true,"href":"https:\/\/www.leondenis.org.br\/index.php\/wp-json\/wp\/v2\/comments?post=1389"}],"version-history":[{"count":6,"href":"https:\/\/www.leondenis.org.br\/index.php\/wp-json\/wp\/v2\/pages\/1389\/revisions"}],"predecessor-version":[{"id":1417,"href":"https:\/\/www.leondenis.org.br\/index.php\/wp-json\/wp\/v2\/pages\/1389\/revisions\/1417"}],"wp:attachment":[{"href":"https:\/\/www.leondenis.org.br\/index.php\/wp-json\/wp\/v2\/media?parent=1389"}],"curies":[{"name":"wp","href":"https:\/\/api.w.org\/{rel}","templated":true}]}}