{"id":1382,"date":"2020-05-06T17:01:22","date_gmt":"2020-05-06T20:01:22","guid":{"rendered":"https:\/\/www.leondenis.org.br\/?page_id=1382"},"modified":"2020-06-05T20:22:32","modified_gmt":"2020-06-05T23:22:32","slug":"dicas-para-participar-das-videoconferencias-da-celd","status":"publish","type":"page","link":"https:\/\/www.leondenis.org.br\/index.php\/dicas-para-participar-das-videoconferencias-da-celd\/","title":{"rendered":"Dicas para participar das videoconfer\u00eancias da CELD"},"content":{"rendered":"<p><img loading=\"lazy\" decoding=\"async\" class=\"alignnone size-full wp-image-1489\" src=\"https:\/\/www.leondenis.org.br\/wp-content\/uploads\/2020\/06\/dica-1.png\" alt=\"\" width=\"800\" height=\"655\" srcset=\"https:\/\/www.leondenis.org.br\/wp-content\/uploads\/2020\/06\/dica-1.png 800w, https:\/\/www.leondenis.org.br\/wp-content\/uploads\/2020\/06\/dica-1-300x246.png 300w, https:\/\/www.leondenis.org.br\/wp-content\/uploads\/2020\/06\/dica-1-768x629.png 768w\" sizes=\"auto, (max-width: 800px) 100vw, 800px\" \/><\/p>\n<p><strong>Para que voc\u00ea possa participar com qualidade das videoconfer\u00eancias, destacamos abaixo algumas dicas importantes:<\/strong><\/p>\n<ul>\n<li>Voc\u00ea pode participar das a atividades da CELD por videoconfer\u00eancia, utilizando: Notebook, Computador (requer a instala\u00e7\u00e3o de webcam e fone\/microfone),\u00a0 Celular ou Tablet.<\/li>\n<li>As seguintes atividades est\u00e3o sendo transmitidas por <strong>videoconfer\u00eancia:<\/strong>\n<ul>\n<li><a href=\"https:\/\/www.leondenis.org.br\/index.php\/reunioes-na-celd-por-videoconferencia\/\">Reuni\u00f5es Administrativas<\/a>,<\/li>\n<li>Estudos:\n<ul>\n<li><a href=\"https:\/\/www.leondenis.org.br\/index.php\/estudos-da-segunda-feira-durante-a-pandemia\/\">Estudos da segunda-feira 20h (Estudo da Mediunidade)<\/a><\/li>\n<li><a href=\"https:\/\/www.leondenis.org.br\/index.php\/1419-2\/\">Estudos da quarta-feira 20h (ESDE &#8211; EaD)<\/a><\/li>\n<\/ul>\n<\/li>\n<li><a href=\"https:\/\/www.leondenis.org.br\/index.php\/palestras-na-celd-por-videoconferencia\/\">Palestras P\u00fablicas &#8211; sexta-feira 20h<\/a>\u00a0 e<\/li>\n<li><a href=\"https:\/\/www.leondenis.org.br\/index.php\/evangelizacao-da-infancia-e-juventude-durante-a-pandemia-do-covid-19\/\">Evangeliza\u00e7\u00e3o da inf\u00e2ncia e juventude &#8211; sexta-feira 20h<\/a>.<\/li>\n<\/ul>\n<\/li>\n<li>Durante a videoconfer\u00eancia, desligue o seu microfone quando n\u00e3o estiver falando. Os microfones ligados geram ru\u00eddos que atrapalham a reuni\u00e3o.<\/li>\n<\/ul>\n<p>&nbsp;<\/p>\n<p>&nbsp;<\/p>\n","protected":false},"excerpt":{"rendered":"<p>Para que voc\u00ea possa participar com qualidade das videoconfer\u00eancias, destacamos abaixo algumas dicas importantes: Voc\u00ea pode participar das a atividades da CELD por videoconfer\u00eancia, utilizando: Notebook, Computador (requer a instala\u00e7\u00e3o de webcam e fone\/microfone),\u00a0 Celular ou Tablet. As seguintes atividades est\u00e3o sendo transmitidas por videoconfer\u00eancia: Reuni\u00f5es Administrativas, Estudos: Estudos da segunda-feira 20h (Estudo da Mediunidade) <a class=\"more-link\" href=\"https:\/\/www.leondenis.org.br\/index.php\/dicas-para-participar-das-videoconferencias-da-celd\/\">Leia mais&#8230; &raquo;<\/a><\/p>\n","protected":false},"author":1,"featured_media":1489,"parent":0,"menu_order":0,"comment_status":"closed","ping_status":"closed","template":"","meta":{"footnotes":""},"class_list":["post-1382","page","type-page","status-publish","has-post-thumbnail","hentry"],"_links":{"self":[{"href":"https:\/\/www.leondenis.org.br\/index.php\/wp-json\/wp\/v2\/pages\/1382","targetHints":{"allow":["GET"]}}],"collection":[{"href":"https:\/\/www.leondenis.org.br\/index.php\/wp-json\/wp\/v2\/pages"}],"about":[{"href":"https:\/\/www.leondenis.org.br\/index.php\/wp-json\/wp\/v2\/types\/page"}],"author":[{"embeddable":true,"href":"https:\/\/www.leondenis.org.br\/index.php\/wp-json\/wp\/v2\/users\/1"}],"replies":[{"embeddable":true,"href":"https:\/\/www.leondenis.org.br\/index.php\/wp-json\/wp\/v2\/comments?post=1382"}],"version-history":[{"count":17,"href":"https:\/\/www.leondenis.org.br\/index.php\/wp-json\/wp\/v2\/pages\/1382\/revisions"}],"predecessor-version":[{"id":1490,"href":"https:\/\/www.leondenis.org.br\/index.php\/wp-json\/wp\/v2\/pages\/1382\/revisions\/1490"}],"wp:featuredmedia":[{"embeddable":true,"href":"https:\/\/www.leondenis.org.br\/index.php\/wp-json\/wp\/v2\/media\/1489"}],"wp:attachment":[{"href":"https:\/\/www.leondenis.org.br\/index.php\/wp-json\/wp\/v2\/media?parent=1382"}],"curies":[{"name":"wp","href":"https:\/\/api.w.org\/{rel}","templated":true}]}}