{"id":1379,"date":"2020-05-06T11:28:05","date_gmt":"2020-05-06T14:28:05","guid":{"rendered":"https:\/\/www.leondenis.org.br\/?page_id=1379"},"modified":"2020-05-06T18:47:16","modified_gmt":"2020-05-06T21:47:16","slug":"palestras-na-celd-por-videoconferencia","status":"publish","type":"page","link":"https:\/\/www.leondenis.org.br\/index.php\/palestras-na-celd-por-videoconferencia\/","title":{"rendered":"Palestras na CELD por videoconfer\u00eancia"},"content":{"rendered":"<p><strong>Voc\u00ea pode participar das Palestras da CELD (por videoconfer\u00eancia):<\/strong><\/p>\n<p><strong>1 &#8211; Utilizando o computador:<\/strong><br \/>\n1.1- Abra o navegador de Internet (Chrome ou Firefox);<br \/>\n1.2- Digite o endere\u00e7o: <a href=\"https:\/\/meet.jit.si\/Celd\">https:\/\/meet.jit.si\/Celd<\/a><br \/>\nOBS: a palavra \u201cCeld\u201d dever\u00e1 ser escrita exatamente dessa forma.<\/p>\n<p><strong>2 &#8211; Utilizando o celular ou tablet:<\/strong><\/p>\n<p><strong>2.1- Android:<\/strong><br \/>\n2.1.1- instale o App da CELD (na Google Store procure por \u201cCELD\u201d ou<br \/>\n\u201cComunidade Esp\u00edrita L\u00e9on Denis\u201d).<br \/>\n2.1.2- O link para Videoconfer\u00eancia est\u00e1 na p\u00e1gina inicial do App. Basta clicar, selecionar a palestra,<br \/>\nautorizar a Instala\u00e7\u00e3o do Jitsi e entrar na palestra.<\/p>\n<p><strong>2.2- Apple:<\/strong><br \/>\n2.2.1- Abra o navegador de Internet;<br \/>\n2.2.2- Digite o endere\u00e7o: <a href=\"https:\/\/meet.jit.si\/Celd\">https:\/\/meet.jit.si\/Celd<\/a> .<br \/>\n2.2.3- Salve o endere\u00e7o nos favoritos, para utilizar nas semanas seguintes.<\/p>\n","protected":false},"excerpt":{"rendered":"<p>Voc\u00ea pode participar das Palestras da CELD (por videoconfer\u00eancia): 1 &#8211; Utilizando o computador: 1.1- Abra o navegador de Internet (Chrome ou Firefox); 1.2- Digite o endere\u00e7o: https:\/\/meet.jit.si\/Celd OBS: a palavra \u201cCeld\u201d dever\u00e1 ser escrita exatamente dessa forma. 2 &#8211; Utilizando o celular ou tablet: 2.1- Android: 2.1.1- instale o App da CELD (na Google <a class=\"more-link\" href=\"https:\/\/www.leondenis.org.br\/index.php\/palestras-na-celd-por-videoconferencia\/\">Leia mais&#8230; &raquo;<\/a><\/p>\n","protected":false},"author":1,"featured_media":0,"parent":0,"menu_order":0,"comment_status":"closed","ping_status":"closed","template":"","meta":{"footnotes":""},"class_list":["post-1379","page","type-page","status-publish","hentry"],"_links":{"self":[{"href":"https:\/\/www.leondenis.org.br\/index.php\/wp-json\/wp\/v2\/pages\/1379","targetHints":{"allow":["GET"]}}],"collection":[{"href":"https:\/\/www.leondenis.org.br\/index.php\/wp-json\/wp\/v2\/pages"}],"about":[{"href":"https:\/\/www.leondenis.org.br\/index.php\/wp-json\/wp\/v2\/types\/page"}],"author":[{"embeddable":true,"href":"https:\/\/www.leondenis.org.br\/index.php\/wp-json\/wp\/v2\/users\/1"}],"replies":[{"embeddable":true,"href":"https:\/\/www.leondenis.org.br\/index.php\/wp-json\/wp\/v2\/comments?post=1379"}],"version-history":[{"count":5,"href":"https:\/\/www.leondenis.org.br\/index.php\/wp-json\/wp\/v2\/pages\/1379\/revisions"}],"predecessor-version":[{"id":1413,"href":"https:\/\/www.leondenis.org.br\/index.php\/wp-json\/wp\/v2\/pages\/1379\/revisions\/1413"}],"wp:attachment":[{"href":"https:\/\/www.leondenis.org.br\/index.php\/wp-json\/wp\/v2\/media?parent=1379"}],"curies":[{"name":"wp","href":"https:\/\/api.w.org\/{rel}","templated":true}]}}