{"id":1361,"date":"2020-05-05T16:52:28","date_gmt":"2020-05-05T19:52:28","guid":{"rendered":"https:\/\/www.leondenis.org.br\/?page_id=1361"},"modified":"2020-05-05T17:02:10","modified_gmt":"2020-05-05T20:02:10","slug":"evangelizacao-da-infancia-e-juventude-durante-a-pandemia-do-covid-19","status":"publish","type":"page","link":"https:\/\/www.leondenis.org.br\/index.php\/evangelizacao-da-infancia-e-juventude-durante-a-pandemia-do-covid-19\/","title":{"rendered":"Evangeliza\u00e7\u00e3o da Inf\u00e2ncia e Juventude (durante a pandemia do COVID 19)"},"content":{"rendered":"<p><img loading=\"lazy\" decoding=\"async\" class=\"alignnone size-large wp-image-1365\" src=\"https:\/\/www.leondenis.org.br\/wp-content\/uploads\/2020\/05\/CELD_evangelizacao_08-maio_2020-1-791x1024.png\" alt=\"\" width=\"780\" height=\"1010\" srcset=\"https:\/\/www.leondenis.org.br\/wp-content\/uploads\/2020\/05\/CELD_evangelizacao_08-maio_2020-1-791x1024.png 791w, https:\/\/www.leondenis.org.br\/wp-content\/uploads\/2020\/05\/CELD_evangelizacao_08-maio_2020-1-232x300.png 232w, https:\/\/www.leondenis.org.br\/wp-content\/uploads\/2020\/05\/CELD_evangelizacao_08-maio_2020-1-768x994.png 768w, https:\/\/www.leondenis.org.br\/wp-content\/uploads\/2020\/05\/CELD_evangelizacao_08-maio_2020-1.png 850w\" sizes=\"auto, (max-width: 780px) 100vw, 780px\" \/><\/p>\n","protected":false},"excerpt":{"rendered":"","protected":false},"author":1,"featured_media":0,"parent":0,"menu_order":0,"comment_status":"closed","ping_status":"closed","template":"","meta":{"footnotes":""},"class_list":["post-1361","page","type-page","status-publish","hentry"],"_links":{"self":[{"href":"https:\/\/www.leondenis.org.br\/index.php\/wp-json\/wp\/v2\/pages\/1361","targetHints":{"allow":["GET"]}}],"collection":[{"href":"https:\/\/www.leondenis.org.br\/index.php\/wp-json\/wp\/v2\/pages"}],"about":[{"href":"https:\/\/www.leondenis.org.br\/index.php\/wp-json\/wp\/v2\/types\/page"}],"author":[{"embeddable":true,"href":"https:\/\/www.leondenis.org.br\/index.php\/wp-json\/wp\/v2\/users\/1"}],"replies":[{"embeddable":true,"href":"https:\/\/www.leondenis.org.br\/index.php\/wp-json\/wp\/v2\/comments?post=1361"}],"version-history":[{"count":4,"href":"https:\/\/www.leondenis.org.br\/index.php\/wp-json\/wp\/v2\/pages\/1361\/revisions"}],"predecessor-version":[{"id":1369,"href":"https:\/\/www.leondenis.org.br\/index.php\/wp-json\/wp\/v2\/pages\/1361\/revisions\/1369"}],"wp:attachment":[{"href":"https:\/\/www.leondenis.org.br\/index.php\/wp-json\/wp\/v2\/media?parent=1361"}],"curies":[{"name":"wp","href":"https:\/\/api.w.org\/{rel}","templated":true}]}}