{"id":1265,"date":"2019-11-15T17:42:47","date_gmt":"2019-11-15T20:42:47","guid":{"rendered":"https:\/\/www.leondenis.org.br\/?page_id=1265"},"modified":"2019-11-15T17:42:47","modified_gmt":"2019-11-15T20:42:47","slug":"biblioteca-da-celd-aprenda-a-consultar-os-livros-na-estante","status":"publish","type":"page","link":"https:\/\/www.leondenis.org.br\/index.php\/biblioteca-da-celd-aprenda-a-consultar-os-livros-na-estante\/","title":{"rendered":"Biblioteca da CELD: Aprenda a consultar os livros na estante"},"content":{"rendered":"<p><strong>Para encontrar um livro na Biblioteca da CELD:<\/strong><\/p>\n<ul>\n<li>Voc\u00ea poder\u00e1 fazer uma pesquisa na biblioteca da CELD de duas formas:\n<ul>\n<li>01) Pesquisa na <strong>biblioteca on-line<\/strong>, dispon\u00edvel no site da CELD, no endere\u00e7o: www.leondenis.org.br\n<ul>\n<li style=\"list-style-type: none;\">\n<ul>\n<li>No site da CELD basta entrar na <strong>p\u00e1gina da biblioteca<\/strong> e digitar a informa\u00e7\u00e3o desejada (t\u00edtulo, autor ou assunto) e clicar em pesquisar. No resulta do da pesquisa ser\u00e3o exibidos os livros e a localiza\u00e7\u00e3o na estante de cada um deles.<\/li>\n<\/ul>\n<\/li>\n<\/ul>\n<\/li>\n<li>02) Pesquisa na biblioteca (f\u00edsica) da CELD.\n<ul>\n<li style=\"list-style-type: none;\">\n<ul>\n<li>Utilize o roteiro abaixo para encontrar os livros na estante.<\/li>\n<\/ul>\n<\/li>\n<\/ul>\n<\/li>\n<\/ul>\n<\/li>\n<\/ul>\n<p>&nbsp;<\/p>\n<p><strong>Organiza\u00e7\u00e3o dos livros na estante:<\/strong><\/p>\n<ul>\n<li>Os<strong> livros s\u00e3o organizados<\/strong> da seguinte forma:\n<ul>\n<li><strong>Assunto;<\/strong><\/li>\n<li><strong>Autor;\u00a0<\/strong><\/li>\n<li><strong>T\u00edtulo.<\/strong><\/li>\n<\/ul>\n<\/li>\n<\/ul>\n<ul>\n<li>Os <strong>assuntos s\u00e3o identificados por cores<\/strong>, conforme legenda abaixo:\n<ul>\n<li>Legenda:<\/li>\n<\/ul>\n<\/li>\n<\/ul>\n<p><img loading=\"lazy\" decoding=\"async\" class=\"alignnone  wp-image-1266\" src=\"https:\/\/www.leondenis.org.br\/wp-content\/uploads\/2019\/11\/assuntos_dos_livros_biblioteca_celd.png\" alt=\"\" width=\"272\" height=\"401\" srcset=\"https:\/\/www.leondenis.org.br\/wp-content\/uploads\/2019\/11\/assuntos_dos_livros_biblioteca_celd.png 363w, https:\/\/www.leondenis.org.br\/wp-content\/uploads\/2019\/11\/assuntos_dos_livros_biblioteca_celd-204x300.png 204w\" sizes=\"auto, (max-width: 272px) 100vw, 272px\" \/><\/p>\n<ul>\n<li>H\u00e1 <strong>fitas adesivas nas lombadas<\/strong> dos livros <strong>com cores<\/strong>, para f\u00e1cil identifica\u00e7\u00e3o na estante.<\/li>\n<\/ul>\n<p>Ent\u00e3o:<\/p>\n<ul>\n<li style=\"list-style-type: none;\">\n<ul>\n<li><strong>se voc\u00ea deseja um romance<\/strong>:\n<ul>\n<li>Procure a cor do assunto desejado (<strong>Romance <\/strong>est\u00e1 com cor<strong> azul<\/strong>);<\/li>\n<li>Olhe <strong>nas estantes<\/strong> os <strong>livros<\/strong> com etiquetas adesivas nas<strong> lombadas<\/strong>, com cor<strong> azul<\/strong>.\n<ul>\n<li>L\u00e1 voc\u00ea encontrar\u00e1 os romances, organizados tamb\u00e9m por autor e t\u00edtulo.<\/li>\n<\/ul>\n<\/li>\n<\/ul>\n<\/li>\n<\/ul>\n<\/li>\n<\/ul>\n<ul>\n<li style=\"list-style-type: none;\">\n<ul>\n<li><strong>se voc\u00ea deseja um livro de Allan Kardec<\/strong>:\n<ul>\n<li>Identifique primeiro (nas legendas de cores acima) qual assunto dos livros de Kardec. Nos casos de obras b\u00e1sicas, a classifica\u00e7\u00e3o \u00e9 Ci\u00eancia e Filosofia (se tiver dificuldade, pe\u00e7a ajuda).<\/li>\n<li>Procure a cor do assunto desejado (<strong>Ci\u00eancia e Filosofia<\/strong> est\u00e1 com cor<strong> preta<\/strong>);<\/li>\n<li>Olhe <strong>nas estantes<\/strong> os <strong>livros<\/strong> com etiquetas adesivas<strong> lombadas em preto<\/strong>.\n<ul>\n<li>L\u00e1 voc\u00ea encontrar\u00e1 os romances, organizados por autor\/t\u00edtulo.\n<ul>\n<li>Procure ent\u00e3o na letra &#8220;A&#8221; (de Allan Karde) os livros.<\/li>\n<\/ul>\n<\/li>\n<\/ul>\n<\/li>\n<\/ul>\n<\/li>\n<\/ul>\n<\/li>\n<\/ul>\n<p>&nbsp;<\/p>\n<p>&nbsp;<\/p>\n","protected":false},"excerpt":{"rendered":"<p>Para encontrar um livro na Biblioteca da CELD: Voc\u00ea poder\u00e1 fazer uma pesquisa na biblioteca da CELD de duas formas: 01) Pesquisa na biblioteca on-line, dispon\u00edvel no site da CELD, no endere\u00e7o: www.leondenis.org.br No site da CELD basta entrar na p\u00e1gina da biblioteca e digitar a informa\u00e7\u00e3o desejada (t\u00edtulo, autor ou assunto) e clicar em <a class=\"more-link\" href=\"https:\/\/www.leondenis.org.br\/index.php\/biblioteca-da-celd-aprenda-a-consultar-os-livros-na-estante\/\">Leia mais&#8230; &raquo;<\/a><\/p>\n","protected":false},"author":1,"featured_media":0,"parent":0,"menu_order":0,"comment_status":"closed","ping_status":"closed","template":"","meta":{"footnotes":""},"class_list":["post-1265","page","type-page","status-publish","hentry"],"_links":{"self":[{"href":"https:\/\/www.leondenis.org.br\/index.php\/wp-json\/wp\/v2\/pages\/1265","targetHints":{"allow":["GET"]}}],"collection":[{"href":"https:\/\/www.leondenis.org.br\/index.php\/wp-json\/wp\/v2\/pages"}],"about":[{"href":"https:\/\/www.leondenis.org.br\/index.php\/wp-json\/wp\/v2\/types\/page"}],"author":[{"embeddable":true,"href":"https:\/\/www.leondenis.org.br\/index.php\/wp-json\/wp\/v2\/users\/1"}],"replies":[{"embeddable":true,"href":"https:\/\/www.leondenis.org.br\/index.php\/wp-json\/wp\/v2\/comments?post=1265"}],"version-history":[{"count":1,"href":"https:\/\/www.leondenis.org.br\/index.php\/wp-json\/wp\/v2\/pages\/1265\/revisions"}],"predecessor-version":[{"id":1267,"href":"https:\/\/www.leondenis.org.br\/index.php\/wp-json\/wp\/v2\/pages\/1265\/revisions\/1267"}],"wp:attachment":[{"href":"https:\/\/www.leondenis.org.br\/index.php\/wp-json\/wp\/v2\/media?parent=1265"}],"curies":[{"name":"wp","href":"https:\/\/api.w.org\/{rel}","templated":true}]}}