{"id":1057,"date":"2019-07-16T18:26:35","date_gmt":"2019-07-16T21:26:35","guid":{"rendered":"https:\/\/www.leondenis.org.br\/?page_id=1057"},"modified":"2019-07-16T18:26:35","modified_gmt":"2019-07-16T21:26:35","slug":"15o-encontro-da-liga-de-pesquisadores-do-espiritismo-24-e-25-08-2019-federacao-espirita-do-estado-do-ceara","status":"publish","type":"page","link":"https:\/\/www.leondenis.org.br\/index.php\/15o-encontro-da-liga-de-pesquisadores-do-espiritismo-24-e-25-08-2019-federacao-espirita-do-estado-do-ceara\/","title":{"rendered":"15\u00ba Encontro da Liga de Pesquisadores do Espiritismo (24 e 25\/08\/2019) &#8211; Federa\u00e7\u00e3o Esp\u00edrita do Estado do Cear\u00e1"},"content":{"rendered":"<p><img loading=\"lazy\" decoding=\"async\" class=\"alignnone size-full wp-image-1058\" src=\"https:\/\/www.leondenis.org.br\/wp-content\/uploads\/2019\/07\/Encontro-da-liga-de-pesquisadores-do-Espiritismo-Agosto2019.jpeg\" alt=\"\" width=\"794\" height=\"1123\" srcset=\"https:\/\/www.leondenis.org.br\/wp-content\/uploads\/2019\/07\/Encontro-da-liga-de-pesquisadores-do-Espiritismo-Agosto2019.jpeg 794w, https:\/\/www.leondenis.org.br\/wp-content\/uploads\/2019\/07\/Encontro-da-liga-de-pesquisadores-do-Espiritismo-Agosto2019-212x300.jpeg 212w, https:\/\/www.leondenis.org.br\/wp-content\/uploads\/2019\/07\/Encontro-da-liga-de-pesquisadores-do-Espiritismo-Agosto2019-768x1086.jpeg 768w, https:\/\/www.leondenis.org.br\/wp-content\/uploads\/2019\/07\/Encontro-da-liga-de-pesquisadores-do-Espiritismo-Agosto2019-724x1024.jpeg 724w\" sizes=\"auto, (max-width: 794px) 100vw, 794px\" \/><\/p>\n","protected":false},"excerpt":{"rendered":"","protected":false},"author":1,"featured_media":0,"parent":0,"menu_order":0,"comment_status":"closed","ping_status":"closed","template":"","meta":{"footnotes":""},"class_list":["post-1057","page","type-page","status-publish","hentry"],"_links":{"self":[{"href":"https:\/\/www.leondenis.org.br\/index.php\/wp-json\/wp\/v2\/pages\/1057","targetHints":{"allow":["GET"]}}],"collection":[{"href":"https:\/\/www.leondenis.org.br\/index.php\/wp-json\/wp\/v2\/pages"}],"about":[{"href":"https:\/\/www.leondenis.org.br\/index.php\/wp-json\/wp\/v2\/types\/page"}],"author":[{"embeddable":true,"href":"https:\/\/www.leondenis.org.br\/index.php\/wp-json\/wp\/v2\/users\/1"}],"replies":[{"embeddable":true,"href":"https:\/\/www.leondenis.org.br\/index.php\/wp-json\/wp\/v2\/comments?post=1057"}],"version-history":[{"count":1,"href":"https:\/\/www.leondenis.org.br\/index.php\/wp-json\/wp\/v2\/pages\/1057\/revisions"}],"predecessor-version":[{"id":1059,"href":"https:\/\/www.leondenis.org.br\/index.php\/wp-json\/wp\/v2\/pages\/1057\/revisions\/1059"}],"wp:attachment":[{"href":"https:\/\/www.leondenis.org.br\/index.php\/wp-json\/wp\/v2\/media?parent=1057"}],"curies":[{"name":"wp","href":"https:\/\/api.w.org\/{rel}","templated":true}]}}