{"id":103,"date":"2019-05-24T11:15:52","date_gmt":"2019-05-24T14:15:52","guid":{"rendered":"https:\/\/www.leondenis.org.br\/?page_id=103"},"modified":"2019-05-28T10:06:08","modified_gmt":"2019-05-28T13:06:08","slug":"assistencia-e-promocao-social-espirita","status":"publish","type":"page","link":"https:\/\/www.leondenis.org.br\/index.php\/assistencia-e-promocao-social-espirita\/","title":{"rendered":"Assist\u00eancia e Promo\u00e7\u00e3o Social Esp\u00edrita"},"content":{"rendered":"<p><img loading=\"lazy\" decoding=\"async\" class=\"alignnone size-full wp-image-381\" src=\"https:\/\/www.leondenis.org.br\/wp-content\/uploads\/2019\/05\/promocaosocial.jpeg\" alt=\"\" width=\"225\" height=\"225\" srcset=\"https:\/\/www.leondenis.org.br\/wp-content\/uploads\/2019\/05\/promocaosocial.jpeg 225w, https:\/\/www.leondenis.org.br\/wp-content\/uploads\/2019\/05\/promocaosocial-150x150.jpeg 150w, https:\/\/www.leondenis.org.br\/wp-content\/uploads\/2019\/05\/promocaosocial-200x200.jpeg 200w\" sizes=\"auto, (max-width: 225px) 100vw, 225px\" \/><\/p>\n","protected":false},"excerpt":{"rendered":"","protected":false},"author":1,"featured_media":0,"parent":0,"menu_order":0,"comment_status":"closed","ping_status":"closed","template":"","meta":{"footnotes":""},"class_list":["post-103","page","type-page","status-publish","hentry"],"_links":{"self":[{"href":"https:\/\/www.leondenis.org.br\/index.php\/wp-json\/wp\/v2\/pages\/103","targetHints":{"allow":["GET"]}}],"collection":[{"href":"https:\/\/www.leondenis.org.br\/index.php\/wp-json\/wp\/v2\/pages"}],"about":[{"href":"https:\/\/www.leondenis.org.br\/index.php\/wp-json\/wp\/v2\/types\/page"}],"author":[{"embeddable":true,"href":"https:\/\/www.leondenis.org.br\/index.php\/wp-json\/wp\/v2\/users\/1"}],"replies":[{"embeddable":true,"href":"https:\/\/www.leondenis.org.br\/index.php\/wp-json\/wp\/v2\/comments?post=103"}],"version-history":[{"count":2,"href":"https:\/\/www.leondenis.org.br\/index.php\/wp-json\/wp\/v2\/pages\/103\/revisions"}],"predecessor-version":[{"id":382,"href":"https:\/\/www.leondenis.org.br\/index.php\/wp-json\/wp\/v2\/pages\/103\/revisions\/382"}],"wp:attachment":[{"href":"https:\/\/www.leondenis.org.br\/index.php\/wp-json\/wp\/v2\/media?parent=103"}],"curies":[{"name":"wp","href":"https:\/\/api.w.org\/{rel}","templated":true}]}}